{"id":7588,"date":"2020-02-09T21:12:36","date_gmt":"2020-02-09T20:12:36","guid":{"rendered":"https:\/\/www.comitenervo.fr\/?page_id=7588"},"modified":"2020-02-09T21:18:57","modified_gmt":"2020-02-09T20:18:57","slug":"assemblee-generale-du-comite-2020","status":"publish","type":"page","link":"https:\/\/www.comitenervo.fr\/?page_id=7588","title":{"rendered":"Assembl\u00e9e G\u00e9n\u00e9rale du comit\u00e9 2020"},"content":{"rendered":"<!-- default-view.php -->\n<div\n\tclass=\"ngg-galleryoverview default-view \n\t ngg-ajax-pagination-none\t\"\n\tid=\"ngg-gallery-27ec689cbccf5a8d9dbe43fbbcbe1b95-1\">\n\n\t\t<!-- Thumbnails -->\n\t\t\t\t<div id=\"ngg-image-0\" class=\"ngg-gallery-thumbnail-box \n\t\t\t\t\t\t\t\t\t\t\t\" \n\t\t\t>\n\t\t\t\t\t\t<div class=\"ngg-gallery-thumbnail\">\n\t\t\t<a href=\"https:\/\/www.comitenervo.fr\/wp-content\/gallery\/20200125_ag\/20200125_AG-001.JPG\"\n\t\t\t\ttitle=\"\"\n\t\t\t\tdata-src=\"https:\/\/www.comitenervo.fr\/wp-content\/gallery\/20200125_ag\/20200125_AG-001.JPG\"\n\t\t\t\tdata-thumbnail=\"https:\/\/www.comitenervo.fr\/wp-content\/gallery\/20200125_ag\/thumbs\/thumbs_20200125_AG-001.JPG\"\n\t\t\t\tdata-image-id=\"4087\"\n\t\t\t\tdata-title=\"20200125_AG-001\"\n\t\t\t\tdata-description=\"\"\n\t\t\t\tdata-image-slug=\"20200125_ag-001\"\n\t\t\t\tclass=\"ngg-fancybox\" rel=\"27ec689cbccf5a8d9dbe43fbbcbe1b95\">\n\t\t\t\t<img\n\t\t\t\t\ttitle=\"20200125_AG-001\"\n\t\t\t\t\talt=\"20200125_AG-001\"\n\t\t\t\t\tsrc=\"https:\/\/www.comitenervo.fr\/wp-content\/gallery\/20200125_ag\/thumbs\/thumbs_20200125_AG-001.JPG\"\n\t\t\t\t\twidth=\"100\"\n\t\t\t\t\theight=\"75\"\n\t\t\t\t\tstyle=\"max-width:100%;\"\n\t\t\t\t\/>\n\t\t\t<\/a>\n\t\t<\/div>\n\t\t\t\t\t\t\t<\/div> \n\t\t\t\n\t\t\t\t<div id=\"ngg-image-1\" class=\"ngg-gallery-thumbnail-box \n\t\t\t\t\t\t\t\t\t\t\t\" \n\t\t\t>\n\t\t\t\t\t\t<div class=\"ngg-gallery-thumbnail\">\n\t\t\t<a href=\"https:\/\/www.comitenervo.fr\/wp-content\/gallery\/20200125_ag\/20200125_AG-002.JPG\"\n\t\t\t\ttitle=\"\"\n\t\t\t\tdata-src=\"https:\/\/www.comitenervo.fr\/wp-content\/gallery\/20200125_ag\/20200125_AG-002.JPG\"\n\t\t\t\tdata-thumbnail=\"https:\/\/www.comitenervo.fr\/wp-content\/gallery\/20200125_ag\/thumbs\/thumbs_20200125_AG-002.JPG\"\n\t\t\t\tdata-image-id=\"4088\"\n\t\t\t\tdata-title=\"20200125_AG-002\"\n\t\t\t\tdata-description=\"\"\n\t\t\t\tdata-image-slug=\"20200125_ag-002\"\n\t\t\t\tclass=\"ngg-fancybox\" rel=\"27ec689cbccf5a8d9dbe43fbbcbe1b95\">\n\t\t\t\t<img\n\t\t\t\t\ttitle=\"20200125_AG-002\"\n\t\t\t\t\talt=\"20200125_AG-002\"\n\t\t\t\t\tsrc=\"https:\/\/www.comitenervo.fr\/wp-content\/gallery\/20200125_ag\/thumbs\/thumbs_20200125_AG-002.JPG\"\n\t\t\t\t\twidth=\"100\"\n\t\t\t\t\theight=\"75\"\n\t\t\t\t\tstyle=\"max-width:100%;\"\n\t\t\t\t\/>\n\t\t\t<\/a>\n\t\t<\/div>\n\t\t\t\t\t\t\t<\/div> \n\t\t\t\n\t\t\t\t<div id=\"ngg-image-2\" class=\"ngg-gallery-thumbnail-box \n\t\t\t\t\t\t\t\t\t\t\t\" \n\t\t\t>\n\t\t\t\t\t\t<div class=\"ngg-gallery-thumbnail\">\n\t\t\t<a href=\"https:\/\/www.comitenervo.fr\/wp-content\/gallery\/20200125_ag\/20200125_AG-003.JPG\"\n\t\t\t\ttitle=\"\"\n\t\t\t\tdata-src=\"https:\/\/www.comitenervo.fr\/wp-content\/gallery\/20200125_ag\/20200125_AG-003.JPG\"\n\t\t\t\tdata-thumbnail=\"https:\/\/www.comitenervo.fr\/wp-content\/gallery\/20200125_ag\/thumbs\/thumbs_20200125_AG-003.JPG\"\n\t\t\t\tdata-image-id=\"4089\"\n\t\t\t\tdata-title=\"20200125_AG-003\"\n\t\t\t\tdata-description=\"\"\n\t\t\t\tdata-image-slug=\"20200125_ag-003\"\n\t\t\t\tclass=\"ngg-fancybox\" rel=\"27ec689cbccf5a8d9dbe43fbbcbe1b95\">\n\t\t\t\t<img\n\t\t\t\t\ttitle=\"20200125_AG-003\"\n\t\t\t\t\talt=\"20200125_AG-003\"\n\t\t\t\t\tsrc=\"https:\/\/www.comitenervo.fr\/wp-content\/gallery\/20200125_ag\/thumbs\/thumbs_20200125_AG-003.JPG\"\n\t\t\t\t\twidth=\"100\"\n\t\t\t\t\theight=\"75\"\n\t\t\t\t\tstyle=\"max-width:100%;\"\n\t\t\t\t\/>\n\t\t\t<\/a>\n\t\t<\/div>\n\t\t\t\t\t\t\t<\/div> \n\t\t\t\n\t\t\t\t<div id=\"ngg-image-3\" class=\"ngg-gallery-thumbnail-box \n\t\t\t\t\t\t\t\t\t\t\t\" \n\t\t\t>\n\t\t\t\t\t\t<div class=\"ngg-gallery-thumbnail\">\n\t\t\t<a href=\"https:\/\/www.comitenervo.fr\/wp-content\/gallery\/20200125_ag\/20200125_AG-004.JPG\"\n\t\t\t\ttitle=\"\"\n\t\t\t\tdata-src=\"https:\/\/www.comitenervo.fr\/wp-content\/gallery\/20200125_ag\/20200125_AG-004.JPG\"\n\t\t\t\tdata-thumbnail=\"https:\/\/www.comitenervo.fr\/wp-content\/gallery\/20200125_ag\/thumbs\/thumbs_20200125_AG-004.JPG\"\n\t\t\t\tdata-image-id=\"4090\"\n\t\t\t\tdata-title=\"20200125_AG-004\"\n\t\t\t\tdata-description=\"\"\n\t\t\t\tdata-image-slug=\"20200125_ag-004\"\n\t\t\t\tclass=\"ngg-fancybox\" rel=\"27ec689cbccf5a8d9dbe43fbbcbe1b95\">\n\t\t\t\t<img\n\t\t\t\t\ttitle=\"20200125_AG-004\"\n\t\t\t\t\talt=\"20200125_AG-004\"\n\t\t\t\t\tsrc=\"https:\/\/www.comitenervo.fr\/wp-content\/gallery\/20200125_ag\/thumbs\/thumbs_20200125_AG-004.JPG\"\n\t\t\t\t\twidth=\"100\"\n\t\t\t\t\theight=\"75\"\n\t\t\t\t\tstyle=\"max-width:100%;\"\n\t\t\t\t\/>\n\t\t\t<\/a>\n\t\t<\/div>\n\t\t\t\t\t\t\t<\/div> \n\t\t\t\n\t\t\t\t<div id=\"ngg-image-4\" class=\"ngg-gallery-thumbnail-box \n\t\t\t\t\t\t\t\t\t\t\t\" \n\t\t\t>\n\t\t\t\t\t\t<div class=\"ngg-gallery-thumbnail\">\n\t\t\t<a href=\"https:\/\/www.comitenervo.fr\/wp-content\/gallery\/20200125_ag\/20200125_AG-005.JPG\"\n\t\t\t\ttitle=\"\"\n\t\t\t\tdata-src=\"https:\/\/www.comitenervo.fr\/wp-content\/gallery\/20200125_ag\/20200125_AG-005.JPG\"\n\t\t\t\tdata-thumbnail=\"https:\/\/www.comitenervo.fr\/wp-content\/gallery\/20200125_ag\/thumbs\/thumbs_20200125_AG-005.JPG\"\n\t\t\t\tdata-image-id=\"4091\"\n\t\t\t\tdata-title=\"20200125_AG-005\"\n\t\t\t\tdata-description=\"\"\n\t\t\t\tdata-image-slug=\"20200125_ag-005\"\n\t\t\t\tclass=\"ngg-fancybox\" rel=\"27ec689cbccf5a8d9dbe43fbbcbe1b95\">\n\t\t\t\t<img\n\t\t\t\t\ttitle=\"20200125_AG-005\"\n\t\t\t\t\talt=\"20200125_AG-005\"\n\t\t\t\t\tsrc=\"https:\/\/www.comitenervo.fr\/wp-content\/gallery\/20200125_ag\/thumbs\/thumbs_20200125_AG-005.JPG\"\n\t\t\t\t\twidth=\"100\"\n\t\t\t\t\theight=\"75\"\n\t\t\t\t\tstyle=\"max-width:100%;\"\n\t\t\t\t\/>\n\t\t\t<\/a>\n\t\t<\/div>\n\t\t\t\t\t\t\t<\/div> \n\t\t\t\n\t\t\t\t<div id=\"ngg-image-5\" class=\"ngg-gallery-thumbnail-box \n\t\t\t\t\t\t\t\t\t\t\t\" \n\t\t\t>\n\t\t\t\t\t\t<div class=\"ngg-gallery-thumbnail\">\n\t\t\t<a href=\"https:\/\/www.comitenervo.fr\/wp-content\/gallery\/20200125_ag\/20200125_AG-006.JPG\"\n\t\t\t\ttitle=\"\"\n\t\t\t\tdata-src=\"https:\/\/www.comitenervo.fr\/wp-content\/gallery\/20200125_ag\/20200125_AG-006.JPG\"\n\t\t\t\tdata-thumbnail=\"https:\/\/www.comitenervo.fr\/wp-content\/gallery\/20200125_ag\/thumbs\/thumbs_20200125_AG-006.JPG\"\n\t\t\t\tdata-image-id=\"4092\"\n\t\t\t\tdata-title=\"20200125_AG-006\"\n\t\t\t\tdata-description=\"\"\n\t\t\t\tdata-image-slug=\"20200125_ag-006\"\n\t\t\t\tclass=\"ngg-fancybox\" rel=\"27ec689cbccf5a8d9dbe43fbbcbe1b95\">\n\t\t\t\t<img\n\t\t\t\t\ttitle=\"20200125_AG-006\"\n\t\t\t\t\talt=\"20200125_AG-006\"\n\t\t\t\t\tsrc=\"https:\/\/www.comitenervo.fr\/wp-content\/gallery\/20200125_ag\/thumbs\/thumbs_20200125_AG-006.JPG\"\n\t\t\t\t\twidth=\"100\"\n\t\t\t\t\theight=\"75\"\n\t\t\t\t\tstyle=\"max-width:100%;\"\n\t\t\t\t\/>\n\t\t\t<\/a>\n\t\t<\/div>\n\t\t\t\t\t\t\t<\/div> \n\t\t\t\n\t\t\t\t<div id=\"ngg-image-6\" class=\"ngg-gallery-thumbnail-box \n\t\t\t\t\t\t\t\t\t\t\t\" \n\t\t\t>\n\t\t\t\t\t\t<div class=\"ngg-gallery-thumbnail\">\n\t\t\t<a href=\"https:\/\/www.comitenervo.fr\/wp-content\/gallery\/20200125_ag\/20200125_AG-007.JPG\"\n\t\t\t\ttitle=\"\"\n\t\t\t\tdata-src=\"https:\/\/www.comitenervo.fr\/wp-content\/gallery\/20200125_ag\/20200125_AG-007.JPG\"\n\t\t\t\tdata-thumbnail=\"https:\/\/www.comitenervo.fr\/wp-content\/gallery\/20200125_ag\/thumbs\/thumbs_20200125_AG-007.JPG\"\n\t\t\t\tdata-image-id=\"4093\"\n\t\t\t\tdata-title=\"20200125_AG-007\"\n\t\t\t\tdata-description=\"\"\n\t\t\t\tdata-image-slug=\"20200125_ag-007\"\n\t\t\t\tclass=\"ngg-fancybox\" rel=\"27ec689cbccf5a8d9dbe43fbbcbe1b95\">\n\t\t\t\t<img\n\t\t\t\t\ttitle=\"20200125_AG-007\"\n\t\t\t\t\talt=\"20200125_AG-007\"\n\t\t\t\t\tsrc=\"https:\/\/www.comitenervo.fr\/wp-content\/gallery\/20200125_ag\/thumbs\/thumbs_20200125_AG-007.JPG\"\n\t\t\t\t\twidth=\"100\"\n\t\t\t\t\theight=\"75\"\n\t\t\t\t\tstyle=\"max-width:100%;\"\n\t\t\t\t\/>\n\t\t\t<\/a>\n\t\t<\/div>\n\t\t\t\t\t\t\t<\/div> \n\t\t\t\n\t\t\t\t<div id=\"ngg-image-7\" class=\"ngg-gallery-thumbnail-box \n\t\t\t\t\t\t\t\t\t\t\t\" \n\t\t\t>\n\t\t\t\t\t\t<div class=\"ngg-gallery-thumbnail\">\n\t\t\t<a href=\"https:\/\/www.comitenervo.fr\/wp-content\/gallery\/20200125_ag\/20200125_AG-008.JPG\"\n\t\t\t\ttitle=\"\"\n\t\t\t\tdata-src=\"https:\/\/www.comitenervo.fr\/wp-content\/gallery\/20200125_ag\/20200125_AG-008.JPG\"\n\t\t\t\tdata-thumbnail=\"https:\/\/www.comitenervo.fr\/wp-content\/gallery\/20200125_ag\/thumbs\/thumbs_20200125_AG-008.JPG\"\n\t\t\t\tdata-image-id=\"4094\"\n\t\t\t\tdata-title=\"20200125_AG-008\"\n\t\t\t\tdata-description=\"\"\n\t\t\t\tdata-image-slug=\"20200125_ag-008\"\n\t\t\t\tclass=\"ngg-fancybox\" rel=\"27ec689cbccf5a8d9dbe43fbbcbe1b95\">\n\t\t\t\t<img\n\t\t\t\t\ttitle=\"20200125_AG-008\"\n\t\t\t\t\talt=\"20200125_AG-008\"\n\t\t\t\t\tsrc=\"https:\/\/www.comitenervo.fr\/wp-content\/gallery\/20200125_ag\/thumbs\/thumbs_20200125_AG-008.JPG\"\n\t\t\t\t\twidth=\"100\"\n\t\t\t\t\theight=\"75\"\n\t\t\t\t\tstyle=\"max-width:100%;\"\n\t\t\t\t\/>\n\t\t\t<\/a>\n\t\t<\/div>\n\t\t\t\t\t\t\t<\/div> \n\t\t\t\n\t\t\t\t<div id=\"ngg-image-8\" class=\"ngg-gallery-thumbnail-box \n\t\t\t\t\t\t\t\t\t\t\t\" \n\t\t\t>\n\t\t\t\t\t\t<div class=\"ngg-gallery-thumbnail\">\n\t\t\t<a href=\"https:\/\/www.comitenervo.fr\/wp-content\/gallery\/20200125_ag\/20200125_AG-009.JPG\"\n\t\t\t\ttitle=\"\"\n\t\t\t\tdata-src=\"https:\/\/www.comitenervo.fr\/wp-content\/gallery\/20200125_ag\/20200125_AG-009.JPG\"\n\t\t\t\tdata-thumbnail=\"https:\/\/www.comitenervo.fr\/wp-content\/gallery\/20200125_ag\/thumbs\/thumbs_20200125_AG-009.JPG\"\n\t\t\t\tdata-image-id=\"4095\"\n\t\t\t\tdata-title=\"20200125_AG-009\"\n\t\t\t\tdata-description=\"\"\n\t\t\t\tdata-image-slug=\"20200125_ag-009\"\n\t\t\t\tclass=\"ngg-fancybox\" rel=\"27ec689cbccf5a8d9dbe43fbbcbe1b95\">\n\t\t\t\t<img\n\t\t\t\t\ttitle=\"20200125_AG-009\"\n\t\t\t\t\talt=\"20200125_AG-009\"\n\t\t\t\t\tsrc=\"https:\/\/www.comitenervo.fr\/wp-content\/gallery\/20200125_ag\/thumbs\/thumbs_20200125_AG-009.JPG\"\n\t\t\t\t\twidth=\"100\"\n\t\t\t\t\theight=\"75\"\n\t\t\t\t\tstyle=\"max-width:100%;\"\n\t\t\t\t\/>\n\t\t\t<\/a>\n\t\t<\/div>\n\t\t\t\t\t\t\t<\/div> \n\t\t\t\n\t\t\t\t<div id=\"ngg-image-9\" class=\"ngg-gallery-thumbnail-box \n\t\t\t\t\t\t\t\t\t\t\t\" \n\t\t\t>\n\t\t\t\t\t\t<div class=\"ngg-gallery-thumbnail\">\n\t\t\t<a href=\"https:\/\/www.comitenervo.fr\/wp-content\/gallery\/20200125_ag\/20200125_AG-010.JPG\"\n\t\t\t\ttitle=\"\"\n\t\t\t\tdata-src=\"https:\/\/www.comitenervo.fr\/wp-content\/gallery\/20200125_ag\/20200125_AG-010.JPG\"\n\t\t\t\tdata-thumbnail=\"https:\/\/www.comitenervo.fr\/wp-content\/gallery\/20200125_ag\/thumbs\/thumbs_20200125_AG-010.JPG\"\n\t\t\t\tdata-image-id=\"4096\"\n\t\t\t\tdata-title=\"20200125_AG-010\"\n\t\t\t\tdata-description=\"\"\n\t\t\t\tdata-image-slug=\"20200125_ag-010\"\n\t\t\t\tclass=\"ngg-fancybox\" rel=\"27ec689cbccf5a8d9dbe43fbbcbe1b95\">\n\t\t\t\t<img\n\t\t\t\t\ttitle=\"20200125_AG-010\"\n\t\t\t\t\talt=\"20200125_AG-010\"\n\t\t\t\t\tsrc=\"https:\/\/www.comitenervo.fr\/wp-content\/gallery\/20200125_ag\/thumbs\/thumbs_20200125_AG-010.JPG\"\n\t\t\t\t\twidth=\"100\"\n\t\t\t\t\theight=\"75\"\n\t\t\t\t\tstyle=\"max-width:100%;\"\n\t\t\t\t\/>\n\t\t\t<\/a>\n\t\t<\/div>\n\t\t\t\t\t\t\t<\/div> \n\t\t\t\n\t\t\t\t<div id=\"ngg-image-10\" class=\"ngg-gallery-thumbnail-box \n\t\t\t\t\t\t\t\t\t\t\t\" \n\t\t\t>\n\t\t\t\t\t\t<div class=\"ngg-gallery-thumbnail\">\n\t\t\t<a href=\"https:\/\/www.comitenervo.fr\/wp-content\/gallery\/20200125_ag\/20200125_AG-011.JPG\"\n\t\t\t\ttitle=\"\"\n\t\t\t\tdata-src=\"https:\/\/www.comitenervo.fr\/wp-content\/gallery\/20200125_ag\/20200125_AG-011.JPG\"\n\t\t\t\tdata-thumbnail=\"https:\/\/www.comitenervo.fr\/wp-content\/gallery\/20200125_ag\/thumbs\/thumbs_20200125_AG-011.JPG\"\n\t\t\t\tdata-image-id=\"4097\"\n\t\t\t\tdata-title=\"20200125_AG-011\"\n\t\t\t\tdata-description=\"\"\n\t\t\t\tdata-image-slug=\"20200125_ag-011\"\n\t\t\t\tclass=\"ngg-fancybox\" rel=\"27ec689cbccf5a8d9dbe43fbbcbe1b95\">\n\t\t\t\t<img\n\t\t\t\t\ttitle=\"20200125_AG-011\"\n\t\t\t\t\talt=\"20200125_AG-011\"\n\t\t\t\t\tsrc=\"https:\/\/www.comitenervo.fr\/wp-content\/gallery\/20200125_ag\/thumbs\/thumbs_20200125_AG-011.JPG\"\n\t\t\t\t\twidth=\"100\"\n\t\t\t\t\theight=\"75\"\n\t\t\t\t\tstyle=\"max-width:100%;\"\n\t\t\t\t\/>\n\t\t\t<\/a>\n\t\t<\/div>\n\t\t\t\t\t\t\t<\/div> \n\t\t\t\n\t\n\t<br style=\"clear: both\" \/>\n\n\t\n\t\t<div class=\"ngg-clear\"><\/div>\n\t<\/div>\n\n","protected":false},"excerpt":{"rendered":"","protected":false},"author":3,"featured_media":0,"parent":7586,"menu_order":0,"comment_status":"closed","ping_status":"closed","template":"","meta":{"_monsterinsights_skip_tracking":false,"_monsterinsights_sitenote_active":false,"_monsterinsights_sitenote_note":"","_monsterinsights_sitenote_category":0,"ngg_post_thumbnail":0,"footnotes":""},"class_list":["post-7588","page","type-page","status-publish","hentry"],"_links":{"self":[{"href":"https:\/\/www.comitenervo.fr\/index.php?rest_route=\/wp\/v2\/pages\/7588","targetHints":{"allow":["GET"]}}],"collection":[{"href":"https:\/\/www.comitenervo.fr\/index.php?rest_route=\/wp\/v2\/pages"}],"about":[{"href":"https:\/\/www.comitenervo.fr\/index.php?rest_route=\/wp\/v2\/types\/page"}],"author":[{"embeddable":true,"href":"https:\/\/www.comitenervo.fr\/index.php?rest_route=\/wp\/v2\/users\/3"}],"replies":[{"embeddable":true,"href":"https:\/\/www.comitenervo.fr\/index.php?rest_route=%2Fwp%2Fv2%2Fcomments&post=7588"}],"version-history":[{"count":1,"href":"https:\/\/www.comitenervo.fr\/index.php?rest_route=\/wp\/v2\/pages\/7588\/revisions"}],"predecessor-version":[{"id":7589,"href":"https:\/\/www.comitenervo.fr\/index.php?rest_route=\/wp\/v2\/pages\/7588\/revisions\/7589"}],"up":[{"embeddable":true,"href":"https:\/\/www.comitenervo.fr\/index.php?rest_route=\/wp\/v2\/pages\/7586"}],"wp:attachment":[{"href":"https:\/\/www.comitenervo.fr\/index.php?rest_route=%2Fwp%2Fv2%2Fmedia&parent=7588"}],"curies":[{"name":"wp","href":"https:\/\/api.w.org\/{rel}","templated":true}]}}