{"id":563,"date":"2012-03-09T23:06:35","date_gmt":"2012-03-09T22:06:35","guid":{"rendered":"https:\/\/www.comitenervo.fr\/?page_id=563"},"modified":"2012-03-09T23:06:35","modified_gmt":"2012-03-09T22:06:35","slug":"assemblee-generale-du-28-janvier-2012","status":"publish","type":"page","link":"https:\/\/www.comitenervo.fr\/?page_id=563","title":{"rendered":"Assembl\u00e9e g\u00e9n\u00e9rale du 28 Janvier 2012"},"content":{"rendered":"<p>&nbsp;<\/p>\n<!-- default-view.php -->\n<div\n\tclass=\"ngg-galleryoverview default-view \n\t ngg-ajax-pagination-none\t\"\n\tid=\"ngg-gallery-396ff96a2ecf19b3b8824fc1fce87b6e-1\">\n\n\t\t<!-- Thumbnails -->\n\t\t\t\t<div id=\"ngg-image-0\" class=\"ngg-gallery-thumbnail-box \n\t\t\t\t\t\t\t\t\t\t\t\" \n\t\t\t>\n\t\t\t\t\t\t<div class=\"ngg-gallery-thumbnail\">\n\t\t\t<a href=\"https:\/\/www.comitenervo.fr\/wp-content\/gallery\/20120130_assemblee-generale\/20120128_assemblee_generale_001.jpg\"\n\t\t\t\ttitle=\"\"\n\t\t\t\tdata-src=\"https:\/\/www.comitenervo.fr\/wp-content\/gallery\/20120130_assemblee-generale\/20120128_assemblee_generale_001.jpg\"\n\t\t\t\tdata-thumbnail=\"https:\/\/www.comitenervo.fr\/wp-content\/gallery\/20120130_assemblee-generale\/thumbs\/thumbs_20120128_assemblee_generale_001.jpg\"\n\t\t\t\tdata-image-id=\"747\"\n\t\t\t\tdata-title=\"20120128_assemblee_generale_001\"\n\t\t\t\tdata-description=\"\"\n\t\t\t\tdata-image-slug=\"20120128_assemblee_generale_001\"\n\t\t\t\tclass=\"ngg-fancybox\" rel=\"396ff96a2ecf19b3b8824fc1fce87b6e\">\n\t\t\t\t<img\n\t\t\t\t\ttitle=\"20120128_assemblee_generale_001\"\n\t\t\t\t\talt=\"20120128_assemblee_generale_001\"\n\t\t\t\t\tsrc=\"https:\/\/www.comitenervo.fr\/wp-content\/gallery\/20120130_assemblee-generale\/thumbs\/thumbs_20120128_assemblee_generale_001.jpg\"\n\t\t\t\t\twidth=\"100\"\n\t\t\t\t\theight=\"75\"\n\t\t\t\t\tstyle=\"max-width:100%;\"\n\t\t\t\t\/>\n\t\t\t<\/a>\n\t\t<\/div>\n\t\t\t\t\t\t\t<\/div> \n\t\t\t\n\t\t\t\t<div id=\"ngg-image-1\" class=\"ngg-gallery-thumbnail-box \n\t\t\t\t\t\t\t\t\t\t\t\" \n\t\t\t>\n\t\t\t\t\t\t<div class=\"ngg-gallery-thumbnail\">\n\t\t\t<a href=\"https:\/\/www.comitenervo.fr\/wp-content\/gallery\/20120130_assemblee-generale\/20120128_assemblee_generale_002.jpg\"\n\t\t\t\ttitle=\"\"\n\t\t\t\tdata-src=\"https:\/\/www.comitenervo.fr\/wp-content\/gallery\/20120130_assemblee-generale\/20120128_assemblee_generale_002.jpg\"\n\t\t\t\tdata-thumbnail=\"https:\/\/www.comitenervo.fr\/wp-content\/gallery\/20120130_assemblee-generale\/thumbs\/thumbs_20120128_assemblee_generale_002.jpg\"\n\t\t\t\tdata-image-id=\"748\"\n\t\t\t\tdata-title=\"SONY DSC\"\n\t\t\t\tdata-description=\"\"\n\t\t\t\tdata-image-slug=\"20120128_assemblee_generale_002\"\n\t\t\t\tclass=\"ngg-fancybox\" rel=\"396ff96a2ecf19b3b8824fc1fce87b6e\">\n\t\t\t\t<img\n\t\t\t\t\ttitle=\"SONY DSC\"\n\t\t\t\t\talt=\"SONY DSC\"\n\t\t\t\t\tsrc=\"https:\/\/www.comitenervo.fr\/wp-content\/gallery\/20120130_assemblee-generale\/thumbs\/thumbs_20120128_assemblee_generale_002.jpg\"\n\t\t\t\t\twidth=\"100\"\n\t\t\t\t\theight=\"75\"\n\t\t\t\t\tstyle=\"max-width:100%;\"\n\t\t\t\t\/>\n\t\t\t<\/a>\n\t\t<\/div>\n\t\t\t\t\t\t\t<\/div> \n\t\t\t\n\t\t\t\t<div id=\"ngg-image-2\" class=\"ngg-gallery-thumbnail-box \n\t\t\t\t\t\t\t\t\t\t\t\" \n\t\t\t>\n\t\t\t\t\t\t<div class=\"ngg-gallery-thumbnail\">\n\t\t\t<a href=\"https:\/\/www.comitenervo.fr\/wp-content\/gallery\/20120130_assemblee-generale\/20120128_assemblee_generale_003.jpg\"\n\t\t\t\ttitle=\"\"\n\t\t\t\tdata-src=\"https:\/\/www.comitenervo.fr\/wp-content\/gallery\/20120130_assemblee-generale\/20120128_assemblee_generale_003.jpg\"\n\t\t\t\tdata-thumbnail=\"https:\/\/www.comitenervo.fr\/wp-content\/gallery\/20120130_assemblee-generale\/thumbs\/thumbs_20120128_assemblee_generale_003.jpg\"\n\t\t\t\tdata-image-id=\"749\"\n\t\t\t\tdata-title=\"SONY DSC\"\n\t\t\t\tdata-description=\"\"\n\t\t\t\tdata-image-slug=\"20120128_assemblee_generale_003\"\n\t\t\t\tclass=\"ngg-fancybox\" rel=\"396ff96a2ecf19b3b8824fc1fce87b6e\">\n\t\t\t\t<img\n\t\t\t\t\ttitle=\"SONY DSC\"\n\t\t\t\t\talt=\"SONY DSC\"\n\t\t\t\t\tsrc=\"https:\/\/www.comitenervo.fr\/wp-content\/gallery\/20120130_assemblee-generale\/thumbs\/thumbs_20120128_assemblee_generale_003.jpg\"\n\t\t\t\t\twidth=\"100\"\n\t\t\t\t\theight=\"75\"\n\t\t\t\t\tstyle=\"max-width:100%;\"\n\t\t\t\t\/>\n\t\t\t<\/a>\n\t\t<\/div>\n\t\t\t\t\t\t\t<\/div> \n\t\t\t\n\t\t\t\t<div id=\"ngg-image-3\" class=\"ngg-gallery-thumbnail-box \n\t\t\t\t\t\t\t\t\t\t\t\" \n\t\t\t>\n\t\t\t\t\t\t<div class=\"ngg-gallery-thumbnail\">\n\t\t\t<a href=\"https:\/\/www.comitenervo.fr\/wp-content\/gallery\/20120130_assemblee-generale\/20120128_assemblee_generale_004.jpg\"\n\t\t\t\ttitle=\"\"\n\t\t\t\tdata-src=\"https:\/\/www.comitenervo.fr\/wp-content\/gallery\/20120130_assemblee-generale\/20120128_assemblee_generale_004.jpg\"\n\t\t\t\tdata-thumbnail=\"https:\/\/www.comitenervo.fr\/wp-content\/gallery\/20120130_assemblee-generale\/thumbs\/thumbs_20120128_assemblee_generale_004.jpg\"\n\t\t\t\tdata-image-id=\"750\"\n\t\t\t\tdata-title=\"SONY DSC\"\n\t\t\t\tdata-description=\"\"\n\t\t\t\tdata-image-slug=\"20120128_assemblee_generale_004\"\n\t\t\t\tclass=\"ngg-fancybox\" rel=\"396ff96a2ecf19b3b8824fc1fce87b6e\">\n\t\t\t\t<img\n\t\t\t\t\ttitle=\"SONY DSC\"\n\t\t\t\t\talt=\"SONY DSC\"\n\t\t\t\t\tsrc=\"https:\/\/www.comitenervo.fr\/wp-content\/gallery\/20120130_assemblee-generale\/thumbs\/thumbs_20120128_assemblee_generale_004.jpg\"\n\t\t\t\t\twidth=\"100\"\n\t\t\t\t\theight=\"75\"\n\t\t\t\t\tstyle=\"max-width:100%;\"\n\t\t\t\t\/>\n\t\t\t<\/a>\n\t\t<\/div>\n\t\t\t\t\t\t\t<\/div> \n\t\t\t\n\t\t\t\t<div id=\"ngg-image-4\" class=\"ngg-gallery-thumbnail-box \n\t\t\t\t\t\t\t\t\t\t\t\" \n\t\t\t>\n\t\t\t\t\t\t<div class=\"ngg-gallery-thumbnail\">\n\t\t\t<a href=\"https:\/\/www.comitenervo.fr\/wp-content\/gallery\/20120130_assemblee-generale\/20120128_assemblee_generale_005.jpg\"\n\t\t\t\ttitle=\"\"\n\t\t\t\tdata-src=\"https:\/\/www.comitenervo.fr\/wp-content\/gallery\/20120130_assemblee-generale\/20120128_assemblee_generale_005.jpg\"\n\t\t\t\tdata-thumbnail=\"https:\/\/www.comitenervo.fr\/wp-content\/gallery\/20120130_assemblee-generale\/thumbs\/thumbs_20120128_assemblee_generale_005.jpg\"\n\t\t\t\tdata-image-id=\"751\"\n\t\t\t\tdata-title=\"SONY DSC\"\n\t\t\t\tdata-description=\"\"\n\t\t\t\tdata-image-slug=\"20120128_assemblee_generale_005\"\n\t\t\t\tclass=\"ngg-fancybox\" rel=\"396ff96a2ecf19b3b8824fc1fce87b6e\">\n\t\t\t\t<img\n\t\t\t\t\ttitle=\"SONY DSC\"\n\t\t\t\t\talt=\"SONY DSC\"\n\t\t\t\t\tsrc=\"https:\/\/www.comitenervo.fr\/wp-content\/gallery\/20120130_assemblee-generale\/thumbs\/thumbs_20120128_assemblee_generale_005.jpg\"\n\t\t\t\t\twidth=\"100\"\n\t\t\t\t\theight=\"75\"\n\t\t\t\t\tstyle=\"max-width:100%;\"\n\t\t\t\t\/>\n\t\t\t<\/a>\n\t\t<\/div>\n\t\t\t\t\t\t\t<\/div> \n\t\t\t\n\t\t\t\t<div id=\"ngg-image-5\" class=\"ngg-gallery-thumbnail-box \n\t\t\t\t\t\t\t\t\t\t\t\" \n\t\t\t>\n\t\t\t\t\t\t<div class=\"ngg-gallery-thumbnail\">\n\t\t\t<a href=\"https:\/\/www.comitenervo.fr\/wp-content\/gallery\/20120130_assemblee-generale\/20120128_assemblee_generale_006.jpg\"\n\t\t\t\ttitle=\"\"\n\t\t\t\tdata-src=\"https:\/\/www.comitenervo.fr\/wp-content\/gallery\/20120130_assemblee-generale\/20120128_assemblee_generale_006.jpg\"\n\t\t\t\tdata-thumbnail=\"https:\/\/www.comitenervo.fr\/wp-content\/gallery\/20120130_assemblee-generale\/thumbs\/thumbs_20120128_assemblee_generale_006.jpg\"\n\t\t\t\tdata-image-id=\"752\"\n\t\t\t\tdata-title=\"20120128_assemblee_generale_006\"\n\t\t\t\tdata-description=\"\"\n\t\t\t\tdata-image-slug=\"20120128_assemblee_generale_006\"\n\t\t\t\tclass=\"ngg-fancybox\" rel=\"396ff96a2ecf19b3b8824fc1fce87b6e\">\n\t\t\t\t<img\n\t\t\t\t\ttitle=\"20120128_assemblee_generale_006\"\n\t\t\t\t\talt=\"20120128_assemblee_generale_006\"\n\t\t\t\t\tsrc=\"https:\/\/www.comitenervo.fr\/wp-content\/gallery\/20120130_assemblee-generale\/thumbs\/thumbs_20120128_assemblee_generale_006.jpg\"\n\t\t\t\t\twidth=\"100\"\n\t\t\t\t\theight=\"75\"\n\t\t\t\t\tstyle=\"max-width:100%;\"\n\t\t\t\t\/>\n\t\t\t<\/a>\n\t\t<\/div>\n\t\t\t\t\t\t\t<\/div> \n\t\t\t\n\t\t\t\t<div id=\"ngg-image-6\" class=\"ngg-gallery-thumbnail-box \n\t\t\t\t\t\t\t\t\t\t\t\" \n\t\t\t>\n\t\t\t\t\t\t<div class=\"ngg-gallery-thumbnail\">\n\t\t\t<a href=\"https:\/\/www.comitenervo.fr\/wp-content\/gallery\/20120130_assemblee-generale\/20120128_assemblee_generale_007.jpg\"\n\t\t\t\ttitle=\"\"\n\t\t\t\tdata-src=\"https:\/\/www.comitenervo.fr\/wp-content\/gallery\/20120130_assemblee-generale\/20120128_assemblee_generale_007.jpg\"\n\t\t\t\tdata-thumbnail=\"https:\/\/www.comitenervo.fr\/wp-content\/gallery\/20120130_assemblee-generale\/thumbs\/thumbs_20120128_assemblee_generale_007.jpg\"\n\t\t\t\tdata-image-id=\"753\"\n\t\t\t\tdata-title=\"SONY DSC\"\n\t\t\t\tdata-description=\"\"\n\t\t\t\tdata-image-slug=\"20120128_assemblee_generale_007\"\n\t\t\t\tclass=\"ngg-fancybox\" rel=\"396ff96a2ecf19b3b8824fc1fce87b6e\">\n\t\t\t\t<img\n\t\t\t\t\ttitle=\"SONY DSC\"\n\t\t\t\t\talt=\"SONY DSC\"\n\t\t\t\t\tsrc=\"https:\/\/www.comitenervo.fr\/wp-content\/gallery\/20120130_assemblee-generale\/thumbs\/thumbs_20120128_assemblee_generale_007.jpg\"\n\t\t\t\t\twidth=\"100\"\n\t\t\t\t\theight=\"75\"\n\t\t\t\t\tstyle=\"max-width:100%;\"\n\t\t\t\t\/>\n\t\t\t<\/a>\n\t\t<\/div>\n\t\t\t\t\t\t\t<\/div> \n\t\t\t\n\t\t\t\t<div id=\"ngg-image-7\" class=\"ngg-gallery-thumbnail-box \n\t\t\t\t\t\t\t\t\t\t\t\" \n\t\t\t>\n\t\t\t\t\t\t<div class=\"ngg-gallery-thumbnail\">\n\t\t\t<a href=\"https:\/\/www.comitenervo.fr\/wp-content\/gallery\/20120130_assemblee-generale\/20120128_assemblee_generale_008.jpg\"\n\t\t\t\ttitle=\"\"\n\t\t\t\tdata-src=\"https:\/\/www.comitenervo.fr\/wp-content\/gallery\/20120130_assemblee-generale\/20120128_assemblee_generale_008.jpg\"\n\t\t\t\tdata-thumbnail=\"https:\/\/www.comitenervo.fr\/wp-content\/gallery\/20120130_assemblee-generale\/thumbs\/thumbs_20120128_assemblee_generale_008.jpg\"\n\t\t\t\tdata-image-id=\"754\"\n\t\t\t\tdata-title=\"SONY DSC\"\n\t\t\t\tdata-description=\"\"\n\t\t\t\tdata-image-slug=\"20120128_assemblee_generale_008\"\n\t\t\t\tclass=\"ngg-fancybox\" rel=\"396ff96a2ecf19b3b8824fc1fce87b6e\">\n\t\t\t\t<img\n\t\t\t\t\ttitle=\"SONY DSC\"\n\t\t\t\t\talt=\"SONY DSC\"\n\t\t\t\t\tsrc=\"https:\/\/www.comitenervo.fr\/wp-content\/gallery\/20120130_assemblee-generale\/thumbs\/thumbs_20120128_assemblee_generale_008.jpg\"\n\t\t\t\t\twidth=\"100\"\n\t\t\t\t\theight=\"75\"\n\t\t\t\t\tstyle=\"max-width:100%;\"\n\t\t\t\t\/>\n\t\t\t<\/a>\n\t\t<\/div>\n\t\t\t\t\t\t\t<\/div> \n\t\t\t\n\t\t\t\t<div id=\"ngg-image-8\" class=\"ngg-gallery-thumbnail-box \n\t\t\t\t\t\t\t\t\t\t\t\" \n\t\t\t>\n\t\t\t\t\t\t<div class=\"ngg-gallery-thumbnail\">\n\t\t\t<a href=\"https:\/\/www.comitenervo.fr\/wp-content\/gallery\/20120130_assemblee-generale\/20120128_assemblee_generale_009.jpg\"\n\t\t\t\ttitle=\"\"\n\t\t\t\tdata-src=\"https:\/\/www.comitenervo.fr\/wp-content\/gallery\/20120130_assemblee-generale\/20120128_assemblee_generale_009.jpg\"\n\t\t\t\tdata-thumbnail=\"https:\/\/www.comitenervo.fr\/wp-content\/gallery\/20120130_assemblee-generale\/thumbs\/thumbs_20120128_assemblee_generale_009.jpg\"\n\t\t\t\tdata-image-id=\"755\"\n\t\t\t\tdata-title=\"SONY DSC\"\n\t\t\t\tdata-description=\"\"\n\t\t\t\tdata-image-slug=\"20120128_assemblee_generale_009\"\n\t\t\t\tclass=\"ngg-fancybox\" rel=\"396ff96a2ecf19b3b8824fc1fce87b6e\">\n\t\t\t\t<img\n\t\t\t\t\ttitle=\"SONY DSC\"\n\t\t\t\t\talt=\"SONY DSC\"\n\t\t\t\t\tsrc=\"https:\/\/www.comitenervo.fr\/wp-content\/gallery\/20120130_assemblee-generale\/thumbs\/thumbs_20120128_assemblee_generale_009.jpg\"\n\t\t\t\t\twidth=\"100\"\n\t\t\t\t\theight=\"75\"\n\t\t\t\t\tstyle=\"max-width:100%;\"\n\t\t\t\t\/>\n\t\t\t<\/a>\n\t\t<\/div>\n\t\t\t\t\t\t\t<\/div> \n\t\t\t\n\t\t\t\t<div id=\"ngg-image-9\" class=\"ngg-gallery-thumbnail-box \n\t\t\t\t\t\t\t\t\t\t\t\" \n\t\t\t>\n\t\t\t\t\t\t<div class=\"ngg-gallery-thumbnail\">\n\t\t\t<a href=\"https:\/\/www.comitenervo.fr\/wp-content\/gallery\/20120130_assemblee-generale\/20120128_assemblee_generale_010.jpg\"\n\t\t\t\ttitle=\"\"\n\t\t\t\tdata-src=\"https:\/\/www.comitenervo.fr\/wp-content\/gallery\/20120130_assemblee-generale\/20120128_assemblee_generale_010.jpg\"\n\t\t\t\tdata-thumbnail=\"https:\/\/www.comitenervo.fr\/wp-content\/gallery\/20120130_assemblee-generale\/thumbs\/thumbs_20120128_assemblee_generale_010.jpg\"\n\t\t\t\tdata-image-id=\"756\"\n\t\t\t\tdata-title=\"SONY DSC\"\n\t\t\t\tdata-description=\"\"\n\t\t\t\tdata-image-slug=\"20120128_assemblee_generale_010\"\n\t\t\t\tclass=\"ngg-fancybox\" rel=\"396ff96a2ecf19b3b8824fc1fce87b6e\">\n\t\t\t\t<img\n\t\t\t\t\ttitle=\"SONY DSC\"\n\t\t\t\t\talt=\"SONY DSC\"\n\t\t\t\t\tsrc=\"https:\/\/www.comitenervo.fr\/wp-content\/gallery\/20120130_assemblee-generale\/thumbs\/thumbs_20120128_assemblee_generale_010.jpg\"\n\t\t\t\t\twidth=\"100\"\n\t\t\t\t\theight=\"75\"\n\t\t\t\t\tstyle=\"max-width:100%;\"\n\t\t\t\t\/>\n\t\t\t<\/a>\n\t\t<\/div>\n\t\t\t\t\t\t\t<\/div> \n\t\t\t\n\t\t\t\t<div id=\"ngg-image-10\" class=\"ngg-gallery-thumbnail-box \n\t\t\t\t\t\t\t\t\t\t\t\" \n\t\t\t>\n\t\t\t\t\t\t<div class=\"ngg-gallery-thumbnail\">\n\t\t\t<a href=\"https:\/\/www.comitenervo.fr\/wp-content\/gallery\/20120130_assemblee-generale\/20120128_assemblee_generale_011.jpg\"\n\t\t\t\ttitle=\"\"\n\t\t\t\tdata-src=\"https:\/\/www.comitenervo.fr\/wp-content\/gallery\/20120130_assemblee-generale\/20120128_assemblee_generale_011.jpg\"\n\t\t\t\tdata-thumbnail=\"https:\/\/www.comitenervo.fr\/wp-content\/gallery\/20120130_assemblee-generale\/thumbs\/thumbs_20120128_assemblee_generale_011.jpg\"\n\t\t\t\tdata-image-id=\"757\"\n\t\t\t\tdata-title=\"SONY DSC\"\n\t\t\t\tdata-description=\"\"\n\t\t\t\tdata-image-slug=\"20120128_assemblee_generale_011\"\n\t\t\t\tclass=\"ngg-fancybox\" rel=\"396ff96a2ecf19b3b8824fc1fce87b6e\">\n\t\t\t\t<img\n\t\t\t\t\ttitle=\"SONY DSC\"\n\t\t\t\t\talt=\"SONY DSC\"\n\t\t\t\t\tsrc=\"https:\/\/www.comitenervo.fr\/wp-content\/gallery\/20120130_assemblee-generale\/thumbs\/thumbs_20120128_assemblee_generale_011.jpg\"\n\t\t\t\t\twidth=\"100\"\n\t\t\t\t\theight=\"75\"\n\t\t\t\t\tstyle=\"max-width:100%;\"\n\t\t\t\t\/>\n\t\t\t<\/a>\n\t\t<\/div>\n\t\t\t\t\t\t\t<\/div> \n\t\t\t\n\t\t\t\t<div id=\"ngg-image-11\" class=\"ngg-gallery-thumbnail-box \n\t\t\t\t\t\t\t\t\t\t\t\" \n\t\t\t>\n\t\t\t\t\t\t<div class=\"ngg-gallery-thumbnail\">\n\t\t\t<a href=\"https:\/\/www.comitenervo.fr\/wp-content\/gallery\/20120130_assemblee-generale\/20120128_assemblee_generale_012.jpg\"\n\t\t\t\ttitle=\"\"\n\t\t\t\tdata-src=\"https:\/\/www.comitenervo.fr\/wp-content\/gallery\/20120130_assemblee-generale\/20120128_assemblee_generale_012.jpg\"\n\t\t\t\tdata-thumbnail=\"https:\/\/www.comitenervo.fr\/wp-content\/gallery\/20120130_assemblee-generale\/thumbs\/thumbs_20120128_assemblee_generale_012.jpg\"\n\t\t\t\tdata-image-id=\"758\"\n\t\t\t\tdata-title=\"SONY DSC\"\n\t\t\t\tdata-description=\"\"\n\t\t\t\tdata-image-slug=\"20120128_assemblee_generale_012\"\n\t\t\t\tclass=\"ngg-fancybox\" rel=\"396ff96a2ecf19b3b8824fc1fce87b6e\">\n\t\t\t\t<img\n\t\t\t\t\ttitle=\"SONY DSC\"\n\t\t\t\t\talt=\"SONY DSC\"\n\t\t\t\t\tsrc=\"https:\/\/www.comitenervo.fr\/wp-content\/gallery\/20120130_assemblee-generale\/thumbs\/thumbs_20120128_assemblee_generale_012.jpg\"\n\t\t\t\t\twidth=\"100\"\n\t\t\t\t\theight=\"75\"\n\t\t\t\t\tstyle=\"max-width:100%;\"\n\t\t\t\t\/>\n\t\t\t<\/a>\n\t\t<\/div>\n\t\t\t\t\t\t\t<\/div> \n\t\t\t\n\t\t\t\t<div id=\"ngg-image-12\" class=\"ngg-gallery-thumbnail-box \n\t\t\t\t\t\t\t\t\t\t\t\" \n\t\t\t>\n\t\t\t\t\t\t<div class=\"ngg-gallery-thumbnail\">\n\t\t\t<a href=\"https:\/\/www.comitenervo.fr\/wp-content\/gallery\/20120130_assemblee-generale\/20120128_assemblee_generale_013.jpg\"\n\t\t\t\ttitle=\"\"\n\t\t\t\tdata-src=\"https:\/\/www.comitenervo.fr\/wp-content\/gallery\/20120130_assemblee-generale\/20120128_assemblee_generale_013.jpg\"\n\t\t\t\tdata-thumbnail=\"https:\/\/www.comitenervo.fr\/wp-content\/gallery\/20120130_assemblee-generale\/thumbs\/thumbs_20120128_assemblee_generale_013.jpg\"\n\t\t\t\tdata-image-id=\"759\"\n\t\t\t\tdata-title=\"SONY DSC\"\n\t\t\t\tdata-description=\"\"\n\t\t\t\tdata-image-slug=\"20120128_assemblee_generale_013\"\n\t\t\t\tclass=\"ngg-fancybox\" rel=\"396ff96a2ecf19b3b8824fc1fce87b6e\">\n\t\t\t\t<img\n\t\t\t\t\ttitle=\"SONY DSC\"\n\t\t\t\t\talt=\"SONY DSC\"\n\t\t\t\t\tsrc=\"https:\/\/www.comitenervo.fr\/wp-content\/gallery\/20120130_assemblee-generale\/thumbs\/thumbs_20120128_assemblee_generale_013.jpg\"\n\t\t\t\t\twidth=\"100\"\n\t\t\t\t\theight=\"75\"\n\t\t\t\t\tstyle=\"max-width:100%;\"\n\t\t\t\t\/>\n\t\t\t<\/a>\n\t\t<\/div>\n\t\t\t\t\t\t\t<\/div> \n\t\t\t\n\t\t\t\t<div id=\"ngg-image-13\" class=\"ngg-gallery-thumbnail-box \n\t\t\t\t\t\t\t\t\t\t\t\" \n\t\t\t>\n\t\t\t\t\t\t<div class=\"ngg-gallery-thumbnail\">\n\t\t\t<a href=\"https:\/\/www.comitenervo.fr\/wp-content\/gallery\/20120130_assemblee-generale\/20120128_assemblee_generale_014.jpg\"\n\t\t\t\ttitle=\"\"\n\t\t\t\tdata-src=\"https:\/\/www.comitenervo.fr\/wp-content\/gallery\/20120130_assemblee-generale\/20120128_assemblee_generale_014.jpg\"\n\t\t\t\tdata-thumbnail=\"https:\/\/www.comitenervo.fr\/wp-content\/gallery\/20120130_assemblee-generale\/thumbs\/thumbs_20120128_assemblee_generale_014.jpg\"\n\t\t\t\tdata-image-id=\"760\"\n\t\t\t\tdata-title=\"SONY DSC\"\n\t\t\t\tdata-description=\"\"\n\t\t\t\tdata-image-slug=\"20120128_assemblee_generale_014\"\n\t\t\t\tclass=\"ngg-fancybox\" rel=\"396ff96a2ecf19b3b8824fc1fce87b6e\">\n\t\t\t\t<img\n\t\t\t\t\ttitle=\"SONY DSC\"\n\t\t\t\t\talt=\"SONY DSC\"\n\t\t\t\t\tsrc=\"https:\/\/www.comitenervo.fr\/wp-content\/gallery\/20120130_assemblee-generale\/thumbs\/thumbs_20120128_assemblee_generale_014.jpg\"\n\t\t\t\t\twidth=\"100\"\n\t\t\t\t\theight=\"75\"\n\t\t\t\t\tstyle=\"max-width:100%;\"\n\t\t\t\t\/>\n\t\t\t<\/a>\n\t\t<\/div>\n\t\t\t\t\t\t\t<\/div> \n\t\t\t\n\t\t\t\t<div id=\"ngg-image-14\" class=\"ngg-gallery-thumbnail-box \n\t\t\t\t\t\t\t\t\t\t\t\" \n\t\t\t>\n\t\t\t\t\t\t<div class=\"ngg-gallery-thumbnail\">\n\t\t\t<a href=\"https:\/\/www.comitenervo.fr\/wp-content\/gallery\/20120130_assemblee-generale\/20120128_assemblee_generale_015.jpg\"\n\t\t\t\ttitle=\"\"\n\t\t\t\tdata-src=\"https:\/\/www.comitenervo.fr\/wp-content\/gallery\/20120130_assemblee-generale\/20120128_assemblee_generale_015.jpg\"\n\t\t\t\tdata-thumbnail=\"https:\/\/www.comitenervo.fr\/wp-content\/gallery\/20120130_assemblee-generale\/thumbs\/thumbs_20120128_assemblee_generale_015.jpg\"\n\t\t\t\tdata-image-id=\"761\"\n\t\t\t\tdata-title=\"SONY DSC\"\n\t\t\t\tdata-description=\"\"\n\t\t\t\tdata-image-slug=\"20120128_assemblee_generale_015\"\n\t\t\t\tclass=\"ngg-fancybox\" rel=\"396ff96a2ecf19b3b8824fc1fce87b6e\">\n\t\t\t\t<img\n\t\t\t\t\ttitle=\"SONY DSC\"\n\t\t\t\t\talt=\"SONY DSC\"\n\t\t\t\t\tsrc=\"https:\/\/www.comitenervo.fr\/wp-content\/gallery\/20120130_assemblee-generale\/thumbs\/thumbs_20120128_assemblee_generale_015.jpg\"\n\t\t\t\t\twidth=\"100\"\n\t\t\t\t\theight=\"75\"\n\t\t\t\t\tstyle=\"max-width:100%;\"\n\t\t\t\t\/>\n\t\t\t<\/a>\n\t\t<\/div>\n\t\t\t\t\t\t\t<\/div> \n\t\t\t\n\t\n\t<br style=\"clear: both\" \/>\n\n\t\n\t\t<div class=\"ngg-clear\"><\/div>\n\t<\/div>\n\n","protected":false},"excerpt":{"rendered":"<p>&nbsp;<\/p>\n","protected":false},"author":1,"featured_media":0,"parent":559,"menu_order":0,"comment_status":"open","ping_status":"open","template":"","meta":{"_monsterinsights_skip_tracking":false,"_monsterinsights_sitenote_active":false,"_monsterinsights_sitenote_note":"","_monsterinsights_sitenote_category":0,"ngg_post_thumbnail":0,"footnotes":""},"class_list":["post-563","page","type-page","status-publish","hentry"],"_links":{"self":[{"href":"https:\/\/www.comitenervo.fr\/index.php?rest_route=\/wp\/v2\/pages\/563","targetHints":{"allow":["GET"]}}],"collection":[{"href":"https:\/\/www.comitenervo.fr\/index.php?rest_route=\/wp\/v2\/pages"}],"about":[{"href":"https:\/\/www.comitenervo.fr\/index.php?rest_route=\/wp\/v2\/types\/page"}],"author":[{"embeddable":true,"href":"https:\/\/www.comitenervo.fr\/index.php?rest_route=\/wp\/v2\/users\/1"}],"replies":[{"embeddable":true,"href":"https:\/\/www.comitenervo.fr\/index.php?rest_route=%2Fwp%2Fv2%2Fcomments&post=563"}],"version-history":[{"count":4,"href":"https:\/\/www.comitenervo.fr\/index.php?rest_route=\/wp\/v2\/pages\/563\/revisions"}],"predecessor-version":[{"id":577,"href":"https:\/\/www.comitenervo.fr\/index.php?rest_route=\/wp\/v2\/pages\/563\/revisions\/577"}],"up":[{"embeddable":true,"href":"https:\/\/www.comitenervo.fr\/index.php?rest_route=\/wp\/v2\/pages\/559"}],"wp:attachment":[{"href":"https:\/\/www.comitenervo.fr\/index.php?rest_route=%2Fwp%2Fv2%2Fmedia&parent=563"}],"curies":[{"name":"wp","href":"https:\/\/api.w.org\/{rel}","templated":true}]}}