{"id":4727,"date":"2017-02-12T18:15:18","date_gmt":"2017-02-12T17:15:18","guid":{"rendered":"https:\/\/www.comitenervo.fr\/?page_id=4727"},"modified":"2018-05-01T22:07:09","modified_gmt":"2018-05-01T20:07:09","slug":"photos","status":"publish","type":"page","link":"https:\/\/www.comitenervo.fr\/?page_id=4727","title":{"rendered":"Photos 2017"},"content":{"rendered":"<table width=\"100%\" border=\"0.5\" cellspacing=\"0\" cellpadding=\"4\">\n<colgroup>\n<col width=\"128*\" \/>\n<col width=\"128*\" \/><\/colgroup>\n<tbody>\n<tr valign=\"CENTER\">\n<td style=\"text-align: center;vertical-align: middle;\" width=\"50%\"><span style=\"vertical-align: middle; \"><strong>Bal country Janvier 2017<\/strong><\/span><\/td>\n<td style=\"text-align: right;\" width=\"50%\"><a class=\"shutterset_\" href=\"https:\/\/www.comitenervo.fr\/?page_id=4729\"><img loading=\"lazy\" decoding=\"async\" class=\"ngg-singlepic ngg-none\" src=\"https:\/\/www.comitenervo.fr\/wp-content\/gallery\/20170128_bal-country\/thumbs\/thumbs_20170128_country_004.JPG\" alt=\"0\" width=\"100\" height=\"75\" \/><\/a><\/td>\n<\/tr>\n<tr valign=\"CENTER\">\n<td style=\"text-align: center;vertical-align: middle;\" width=\"50%\"><span style=\"vertical-align: middle; \"><strong>R\u00e9ception des joueurs de belote 2017<\/strong><\/span><\/td>\n<td style=\"text-align: right;\" width=\"50%\"><a class=\"shutterset_\" href=\"https:\/\/www.comitenervo.fr\/?page_id=5018\"><img loading=\"lazy\" decoding=\"async\" class=\"ngg-singlepic ngg-none\" src=\"https:\/\/www.comitenervo.fr\/wp-content\/gallery\/20170720_reception_belote\/thumbs\/thumbs_20170720_Reception_belote_44_1.JPG\" alt=\"0\" width=\"100\" height=\"75\" \/><\/a><\/td>\n<\/tr>\n<tr valign=\"CENTER\">\n<td style=\"text-align: center;vertical-align: middle;\" width=\"50%\"><span style=\"vertical-align: middle; \"><strong>F\u00eate des ain\u00e9s 2017<\/strong><\/span><\/td>\n<td style=\"text-align: right;\" width=\"50%\"><a class=\"shutterset_\" href=\"https:\/\/www.comitenervo.fr\/?page_id=5168\"><img loading=\"lazy\" decoding=\"async\" class=\"ngg-singlepic ngg-none\" src=\"https:\/\/www.comitenervo.fr\/wp-content\/gallery\/20171122_fete-aines\/thumbs\/thumbs_20171122_Fete_Aines_04.JPG\" alt=\"0\" width=\"100\" height=\"75\" \/><\/a><\/td>\n<\/tr>\n<tr valign=\"CENTER\">\n<td style=\"text-align: center;vertical-align: middle;\" width=\"50%\"><span style=\"vertical-align: middle; \"><strong>Course des p\u00e8res noel 2017<\/strong><\/span><\/td>\n<td style=\"text-align: right;\" width=\"50%\"><a class=\"shutterset_\" href=\"https:\/\/www.comitenervo.fr\/?page_id=5385\"><img loading=\"lazy\" decoding=\"async\" class=\"ngg-singlepic ngg-none\" src=\"https:\/\/www.comitenervo.fr\/wp-content\/gallery\/20171216\/thumbs\/thumbs_20171216_Course_noel_12_1.JPG\" alt=\"0\" width=\"100\" height=\"75\" \/><\/a><\/td>\n<\/tr>\n<\/tbody>\n<\/table>\n","protected":false},"excerpt":{"rendered":"<p>Bal country Janvier 2017 R\u00e9ception des joueurs de belote 2017 F\u00eate des ain\u00e9s 2017 Course des p\u00e8res noel 2017<\/p>\n","protected":false},"author":1,"featured_media":0,"parent":4725,"menu_order":0,"comment_status":"closed","ping_status":"closed","template":"","meta":{"_monsterinsights_skip_tracking":false,"_monsterinsights_sitenote_active":false,"_monsterinsights_sitenote_note":"","_monsterinsights_sitenote_category":0,"ngg_post_thumbnail":0,"footnotes":""},"class_list":["post-4727","page","type-page","status-publish","hentry"],"_links":{"self":[{"href":"https:\/\/www.comitenervo.fr\/index.php?rest_route=\/wp\/v2\/pages\/4727","targetHints":{"allow":["GET"]}}],"collection":[{"href":"https:\/\/www.comitenervo.fr\/index.php?rest_route=\/wp\/v2\/pages"}],"about":[{"href":"https:\/\/www.comitenervo.fr\/index.php?rest_route=\/wp\/v2\/types\/page"}],"author":[{"embeddable":true,"href":"https:\/\/www.comitenervo.fr\/index.php?rest_route=\/wp\/v2\/users\/1"}],"replies":[{"embeddable":true,"href":"https:\/\/www.comitenervo.fr\/index.php?rest_route=%2Fwp%2Fv2%2Fcomments&post=4727"}],"version-history":[{"count":8,"href":"https:\/\/www.comitenervo.fr\/index.php?rest_route=\/wp\/v2\/pages\/4727\/revisions"}],"predecessor-version":[{"id":5792,"href":"https:\/\/www.comitenervo.fr\/index.php?rest_route=\/wp\/v2\/pages\/4727\/revisions\/5792"}],"up":[{"embeddable":true,"href":"https:\/\/www.comitenervo.fr\/index.php?rest_route=\/wp\/v2\/pages\/4725"}],"wp:attachment":[{"href":"https:\/\/www.comitenervo.fr\/index.php?rest_route=%2Fwp%2Fv2%2Fmedia&parent=4727"}],"curies":[{"name":"wp","href":"https:\/\/api.w.org\/{rel}","templated":true}]}}