{"id":3584,"date":"2016-03-07T22:34:03","date_gmt":"2016-03-07T21:34:03","guid":{"rendered":"https:\/\/www.comitenervo.fr\/?page_id=3584"},"modified":"2018-05-01T22:07:00","modified_gmt":"2018-05-01T20:07:00","slug":"photos","status":"publish","type":"page","link":"https:\/\/www.comitenervo.fr\/?page_id=3584","title":{"rendered":"Photos 2016"},"content":{"rendered":"<table width=\"100%\" border=\"0.5\" cellspacing=\"0\" cellpadding=\"4\">\n<colgroup>\n<col width=\"128*\" \/>\n<col width=\"128*\" \/><\/colgroup>\n<tbody>\n<tr valign=\"CENTER\">\n<td style=\"text-align: center;vertical-align: middle;\" width=\"50%\"><span style=\"vertical-align: middle;\"><strong>Bal country 2016<\/strong><\/span><\/td>\n<td style=\"text-align: right;\" width=\"50%\"><a class=\"shutterset_\" href=\"https:\/\/www.comitenervo.fr\/?page_id=3579\"><img loading=\"lazy\" decoding=\"async\" class=\"ngg-singlepic ngg-none \" src=\"https:\/\/www.comitenervo.fr\/wp-content\/gallery\/20160123_bal-country\/thumbs\/thumbs_20160123_bal_country_46.JPG\" alt=\"0\" width=\"100\" height=\"75\" \/><\/a><\/td>\n<\/tr>\n<tr valign=\"CENTER\">\n<td style=\"text-align: center;vertical-align: middle;\" width=\"50%\"><span style=\"vertical-align: middle; \"><strong>Repas du comit\u00e9<\/strong><\/span><\/td>\n<td style=\"text-align: right;\" width=\"50%\"><a class=\"shutterset_\" href=\"https:\/\/www.comitenervo.fr\/?page_id=3723\"><img loading=\"lazy\" decoding=\"async\" class=\"ngg-singlepic ngg-none \" src=\"https:\/\/www.comitenervo.fr\/wp-content\/gallery\/20160409_repas-du-comite\/thumbs\/thumbs_20160409_repas_comite_002_1.JPG\" alt=\"0\" width=\"100\" height=\"75\" \/><\/a><\/td>\n<\/tr>\n<tr valign=\"CENTER\">\n<td style=\"text-align: center;vertical-align: middle;\" width=\"50%\"><span style=\"vertical-align: middle; \"><strong>Journ\u00e9e p\u00eache<\/strong><\/span><\/td>\n<td style=\"text-align: right;\" width=\"50%\"><a class=\"shutterset_\" href=\"https:\/\/www.comitenervo.fr\/?page_id=3782\"><img loading=\"lazy\" decoding=\"async\" class=\"ngg-singlepic ngg-none \" src=\"https:\/\/www.comitenervo.fr\/wp-content\/gallery\/20160430_peche\/thumbs\/thumbs_20160430_peche_007_1.JPG\" alt=\"0\" width=\"100\" height=\"75\" \/><\/a><\/td>\n<\/tr>\n<tr valign=\"CENTER\">\n<td style=\"text-align: center;vertical-align: middle;\" width=\"50%\"><span style=\"vertical-align: middle; \"><strong>F\u00eate des voisins 2016<\/strong><\/span><\/td>\n<td style=\"text-align: right;\" width=\"50%\"><a class=\"shutterset_\" href=\"https:\/\/www.comitenervo.fr\/?page_id=3951\"><img loading=\"lazy\" decoding=\"async\" class=\"ngg-singlepic ngg-none \" src=\"https:\/\/www.comitenervo.fr\/wp-content\/gallery\/20160528_fete-des-voisins\/thumbs\/thumbs_20160528_fete_voisins_15_1.JPG\" alt=\"0\" width=\"100\" height=\"75\" \/><\/a><\/td>\n<\/tr>\n<tr valign=\"CENTER\">\n<td style=\"text-align: center;vertical-align: middle;\" width=\"50%\"><span style=\"vertical-align: middle; \"><strong>Fort-Mahon<\/strong><\/span><\/td>\n<td style=\"text-align: right;\" width=\"50%\"><a class=\"shutterset_\" href=\"https:\/\/www.comitenervo.fr\/?page_id=4027\"><img loading=\"lazy\" decoding=\"async\" class=\"ngg-singlepic ngg-none \" src=\"https:\/\/www.comitenervo.fr\/wp-content\/gallery\/20160821_fort_mahon\/thumbs\/thumbs_20160821_fort_mahon_35.JPG\" alt=\"0\" width=\"100\" height=\"75\" \/><\/a><\/td>\n<\/tr>\n<tr valign=\"CENTER\">\n<td style=\"text-align: center;vertical-align: middle;\" width=\"50%\"><span style=\"vertical-align: middle; \"><strong>Fort-Mahon<\/strong><\/span><\/td>\n<td style=\"text-align: right;\" width=\"50%\"><a class=\"shutterset_\" href=\"https:\/\/www.comitenervo.fr\/?page_id=4033\"><img loading=\"lazy\" decoding=\"async\" class=\"ngg-singlepic ngg-none \" src=\"https:\/\/www.comitenervo.fr\/wp-content\/gallery\/20160825_barbecue-pour-les-joueurs-de-belote\/\/thumbs\/thumbs_20160825_repas_joueurs_belote_17.JPG\" alt=\"0\" width=\"100\" height=\"75\" \/><\/a><\/td>\n<\/tr>\n<tr valign=\"CENTER\">\n<td style=\"text-align: center;vertical-align: middle;\" width=\"50%\"><span style=\"vertical-align: middle; \"><strong>Bal country Novembre 2016<\/strong><\/span><\/td>\n<td style=\"text-align: right;\" width=\"50%\"><a class=\"shutterset_\" href=\"https:\/\/www.comitenervo.fr\/?page_id=4533\"><img loading=\"lazy\" decoding=\"async\" class=\"ngg-singlepic ngg-none \" src=\"https:\/\/www.comitenervo.fr\/wp-content\/gallery\/20161112_country\/thumbs\/thumbs_20161112_country_060.JPG\" alt=\"0\" width=\"100\" height=\"75\" \/><\/a><\/td>\n<\/tr>\n<tr valign=\"CENTER\">\n<td style=\"text-align: center;vertical-align: middle;\" width=\"50%\"><span style=\"vertical-align: middle; \"><strong>F\u00eate des ain\u00e9s 2016<\/strong><\/span><\/td>\n<td style=\"text-align: right;\" width=\"50%\"><a class=\"shutterset_\" href=\"https:\/\/www.comitenervo.fr\/?page_id=4539\"><img loading=\"lazy\" decoding=\"async\" class=\"ngg-singlepic ngg-none \" src=\"https:\/\/www.comitenervo.fr\/wp-content\/gallery\/20161109_fete_des_aines\/thumbs\/thumbs_P1020848.JPG\" alt=\"0\" width=\"100\" height=\"75\" \/><\/a><\/td>\n<\/tr>\n<\/tbody>\n<\/table>\n","protected":false},"excerpt":{"rendered":"<p>Bal country 2016 Repas du comit\u00e9 Journ\u00e9e p\u00eache F\u00eate des voisins 2016 Fort-Mahon Fort-Mahon Bal country Novembre 2016 F\u00eate des ain\u00e9s 2016<\/p>\n","protected":false},"author":1,"featured_media":0,"parent":3586,"menu_order":0,"comment_status":"closed","ping_status":"closed","template":"","meta":{"_monsterinsights_skip_tracking":false,"_monsterinsights_sitenote_active":false,"_monsterinsights_sitenote_note":"","_monsterinsights_sitenote_category":0,"ngg_post_thumbnail":0,"footnotes":""},"class_list":["post-3584","page","type-page","status-publish","hentry"],"_links":{"self":[{"href":"https:\/\/www.comitenervo.fr\/index.php?rest_route=\/wp\/v2\/pages\/3584","targetHints":{"allow":["GET"]}}],"collection":[{"href":"https:\/\/www.comitenervo.fr\/index.php?rest_route=\/wp\/v2\/pages"}],"about":[{"href":"https:\/\/www.comitenervo.fr\/index.php?rest_route=\/wp\/v2\/types\/page"}],"author":[{"embeddable":true,"href":"https:\/\/www.comitenervo.fr\/index.php?rest_route=\/wp\/v2\/users\/1"}],"replies":[{"embeddable":true,"href":"https:\/\/www.comitenervo.fr\/index.php?rest_route=%2Fwp%2Fv2%2Fcomments&post=3584"}],"version-history":[{"count":13,"href":"https:\/\/www.comitenervo.fr\/index.php?rest_route=\/wp\/v2\/pages\/3584\/revisions"}],"predecessor-version":[{"id":5791,"href":"https:\/\/www.comitenervo.fr\/index.php?rest_route=\/wp\/v2\/pages\/3584\/revisions\/5791"}],"up":[{"embeddable":true,"href":"https:\/\/www.comitenervo.fr\/index.php?rest_route=\/wp\/v2\/pages\/3586"}],"wp:attachment":[{"href":"https:\/\/www.comitenervo.fr\/index.php?rest_route=%2Fwp%2Fv2%2Fmedia&parent=3584"}],"curies":[{"name":"wp","href":"https:\/\/api.w.org\/{rel}","templated":true}]}}