{"id":189,"date":"2011-09-26T20:45:16","date_gmt":"2011-09-26T20:45:16","guid":{"rendered":"https:\/\/www.comitenervo.fr\/?page_id=189"},"modified":"2024-01-06T22:51:41","modified_gmt":"2024-01-06T21:51:41","slug":"mentions-legales","status":"publish","type":"page","link":"https:\/\/www.comitenervo.fr\/?page_id=189","title":{"rendered":"Mentions l\u00e9gales"},"content":{"rendered":"<p>&nbsp;<\/p>\n<ul>\n<li>Association conforme \u00e0 la Loi du 1er juillet 1901,<\/li>\n<li>Le site est h\u00e9berg\u00e9 par OVH.<\/li>\n<li><strong>Responsable de la publication&nbsp;<\/strong>:&nbsp;ce site est \u00e9dit\u00e9 par l\u2019association \u00abComit\u00e9 des f\u00eates de la cit\u00e9 Nervo \u00e0 ESCAUDAIN&nbsp;\u00bb&nbsp; sous la direction du pr\u00e9sident de l\u2019association.<\/li>\n<li><strong>Contact<\/strong>&nbsp;:&nbsp;pour toute question ou r\u00e9action concernant le site, nous vous invitons \u00e0 nous contacter par courrier \u00e9lectronique \u00e0 <em>lacitenervo@gmail.com<\/em>.<br \/>\nTous les <span style=\"text-decoration: underline;\">commen<\/span><span style=\"text-decoration: underline;\">taires doivent \u00eatre en relation avec un article<\/span>.<\/li>\n<\/ul>\n<ul>\n<li><strong>Loi \u00ab\u00a0Informatique et Libert\u00e9s\u00a0\u00bb<\/strong>&nbsp;:&nbsp;vous disposez, conform\u00e9ment \u00e0 l\u2019article 34 de la loi \u00ab\u00a0Informatique et Libert\u00e9s\u00a0\u00bb du 6 janvier 1978, d\u2019un droit d\u2019acc\u00e8s, de contr\u00f4le, de rectification, de modification et de suppression concernant les donn\u00e9es personnelles qui vous concernent (citations, textes ou photos&#8230;), et pouvez en exiger la suppression. Ce droit est \u00e0 exercer de pr\u00e9f\u00e9rence par courrier ou par mail \u00e0 <em>lacitenervo@gmail.com<\/em>.<\/li>\n<\/ul>\n<ul>\n<li><strong>Fiche de renseignement<\/strong>&nbsp;:&nbsp;aucune donn\u00e9e personnelle n\u2019est collect\u00e9e \u00e0 l\u2019insu des visiteurs du site ou des membres de l\u2019association. Les seules donn\u00e9es personnelles susceptibles d\u2019\u00eatre collect\u00e9es sur le site ne sont recueillies qu\u2019\u00e0 la suite de leur communication volontaire par les internautes ou les membres de l\u2019association, et ce, via les formulaires disponibles sur le site.<\/li>\n<\/ul>\n<p style=\"padding-left: 30px;\">Aucune information personnelle n\u2019est c\u00e9d\u00e9e \u00e0 des tiers. Les courriels, les adresses \u00e9lectroniques ou autres informations nominatives dont ce site est destinataire ne font l\u2019objet d\u2019aucune exploitation et ne sont conserv\u00e9s que pour la dur\u00e9e n\u00e9cessaire \u00e0 leur traitement.<\/p>\n<ul>\n<li><strong>Photos&nbsp;<\/strong>: l\u2019association peut mettre en ligne des photos concernant les sorties, les r\u00e9unions de l\u2019association ou les photos de promotions. Toute personne ne d\u00e9sirant pas figurer sur le site Internet est pri\u00e9 d\u2019envoyer un mail ou un courrier \u00e0 <em>lacitenervo@gmail.com<\/em>. Nous ferons le n\u00e9cessaire pour respecter le droit d\u2019acc\u00e8s, de rectification et de suppression des donn\u00e9es la concernant.<\/li>\n<\/ul>\n<p style=\"padding-left: 30px;\">Toutes les photographies du site sont propri\u00e9t\u00e9 de l&rsquo;association \u00ab&nbsp;Comit\u00e9 des f\u00eates de la cit\u00e9 Nervo ESCAUDAIN&nbsp;\u00bb ou de leurs auteurs et sont utilis\u00e9es avec leur aimable autorisation.<\/p>\n<p style=\"padding-left: 30px;\">L\u2019association \u00ab Comit\u00e9 des f\u00eates de la cit\u00e9 Nervo \u00e0 ESCAUDAIN \u00bb d\u00e9cline toute responsabilit\u00e9 quant \u00e0 l\u2019utilisation qui pourrait \u00eatre faite des informations et contenus pr\u00e9sents sur https:\/\/www.comitenervo.fr.<\/p>\n<ul>\n<li>Le site de l\u2019association \u00ab Comit\u00e9 des f\u00eates de la cit\u00e9 Nervo ESCAUDAIN \u00bb contient des liens vers d\u2019autres sites. Les contenus \u00e9ditoriaux et les illustrations de ces sites ne sauraient en aucun cas engager la responsabilit\u00e9 de l\u2019association.<\/li>\n<\/ul>\n","protected":false},"excerpt":{"rendered":"<p>&nbsp; Association conforme \u00e0 la Loi du 1er juillet 1901, Le site est h\u00e9berg\u00e9 par OVH. Responsable de la publication&nbsp;:&nbsp;ce site est \u00e9dit\u00e9 par l\u2019association \u00abComit\u00e9 des f\u00eates de la cit\u00e9 Nervo \u00e0 ESCAUDAIN&nbsp;\u00bb&nbsp; sous la direction du pr\u00e9sident de &hellip; <a href=\"https:\/\/www.comitenervo.fr\/?page_id=189\">Continuer la lecture <span class=\"meta-nav\">&rarr;<\/span><\/a><\/p>\n","protected":false},"author":1,"featured_media":0,"parent":0,"menu_order":0,"comment_status":"closed","ping_status":"open","template":"","meta":{"_monsterinsights_skip_tracking":false,"_monsterinsights_sitenote_active":false,"_monsterinsights_sitenote_note":"","_monsterinsights_sitenote_category":0,"ngg_post_thumbnail":0,"footnotes":""},"class_list":["post-189","page","type-page","status-publish","hentry"],"_links":{"self":[{"href":"https:\/\/www.comitenervo.fr\/index.php?rest_route=\/wp\/v2\/pages\/189","targetHints":{"allow":["GET"]}}],"collection":[{"href":"https:\/\/www.comitenervo.fr\/index.php?rest_route=\/wp\/v2\/pages"}],"about":[{"href":"https:\/\/www.comitenervo.fr\/index.php?rest_route=\/wp\/v2\/types\/page"}],"author":[{"embeddable":true,"href":"https:\/\/www.comitenervo.fr\/index.php?rest_route=\/wp\/v2\/users\/1"}],"replies":[{"embeddable":true,"href":"https:\/\/www.comitenervo.fr\/index.php?rest_route=%2Fwp%2Fv2%2Fcomments&post=189"}],"version-history":[{"count":21,"href":"https:\/\/www.comitenervo.fr\/index.php?rest_route=\/wp\/v2\/pages\/189\/revisions"}],"predecessor-version":[{"id":8426,"href":"https:\/\/www.comitenervo.fr\/index.php?rest_route=\/wp\/v2\/pages\/189\/revisions\/8426"}],"wp:attachment":[{"href":"https:\/\/www.comitenervo.fr\/index.php?rest_route=%2Fwp%2Fv2%2Fmedia&parent=189"}],"curies":[{"name":"wp","href":"https:\/\/api.w.org\/{rel}","templated":true}]}}