{"id":13,"date":"2011-08-01T19:57:24","date_gmt":"2011-08-01T17:57:24","guid":{"rendered":"https:\/\/www.comitenervo.fr\/?page_id=13"},"modified":"2018-05-01T22:14:19","modified_gmt":"2018-05-01T20:14:19","slug":"photos","status":"publish","type":"page","link":"https:\/\/www.comitenervo.fr\/?page_id=13","title":{"rendered":"Photos 2011"},"content":{"rendered":"<table width=\"100%\" border=\"0.5\" cellspacing=\"0\" cellpadding=\"4\">\n<colgroup>\n<col width=\"128*\" \/>\n<col width=\"128*\" \/><\/colgroup>\n<tbody>\n<tr valign=\"CENTER\">\n<td style=\"text-align: center;vertical-align: middle;\" width=\"50%\"><span style=\"vertical-align: middle;\"><strong>Assembl\u00e9e g\u00e9n\u00e9rale<\/strong><\/span><\/td>\n<td style=\"text-align: right;\" width=\"50%\"><a class=\"shutterset_\" href=\"https:\/\/www.comitenervo.fr\/?page_id=26\"><img loading=\"lazy\" decoding=\"async\" class=\"ngg-singlepic ngg-none\" src=\"https:\/\/www.comitenervo.fr\/wp-content\/gallery\/20110129_assemblee-generale_1\/thumbs\/thumbs_20110129_assemblee-generale-007.jpg\" alt=\"20110129_assemblee-generale-007\" width=\"100\" height=\"75\" \/><\/a><\/td>\n<\/tr>\n<tr valign=\"CENTER\">\n<td style=\"text-align: center;vertical-align: middle;\" width=\"50%\"><span><strong>Voyage \u00e0 Bruges<\/strong><\/span><\/td>\n<td style=\"text-align: right;\" width=\"50%\"><a class=\"shutterset_\" href=\"https:\/\/www.comitenervo.fr\/?page_id=158\"><img loading=\"lazy\" decoding=\"async\" class=\"ngg-singlepic ngg-none\" src=\"https:\/\/www.comitenervo.fr\/wp-content\/gallery\/20110508_voyage-a-bruges\/thumbs\/thumbs_20110508_voyage-bruges_010.jpg\" alt=\"20110508_voyage-bruges_010\" width=\"100\" height=\"75\" \/><\/a><\/td>\n<\/tr>\n<tr valign=\"CENTER\">\n<td style=\"text-align: center;vertical-align: middle;\" width=\"50%\"><span><strong>F\u00eate des voisins<\/strong><\/span><\/td>\n<td style=\"text-align: right;\" width=\"50%\"><a class=\"shutterset_\" href=\"https:\/\/www.comitenervo.fr\/?page_id=162\"><img loading=\"lazy\" decoding=\"async\" class=\"ngg-singlepic ngg-none\" src=\"https:\/\/www.comitenervo.fr\/wp-content\/gallery\/20110604_fete-des-voisins\/thumbs\/thumbs_20110604_fte-des-voisins_018.jpg\" alt=\"20110604_fte-des-voisins_018\" width=\"100\" height=\"75\" \/><\/a><\/td>\n<\/tr>\n<tr valign=\"CENTER\">\n<td style=\"text-align: center;vertical-align: middle;\" width=\"50%\"><span><strong>Brocante de la cit\u00e9 Nervo<\/strong><\/span><\/td>\n<td style=\"text-align: right;\" width=\"50%\"><a class=\"shutterset_\" href=\"https:\/\/www.comitenervo.fr\/?page_id=164\"><img loading=\"lazy\" decoding=\"async\" class=\"ngg-singlepic ngg-none\" src=\"https:\/\/www.comitenervo.fr\/wp-content\/gallery\/20110619_brocante-de-la-cite-nervo\/thumbs\/thumbs_20110619_brocante-de-la-cit-nervo_003.jpg\" alt=\"20110619_brocante-de-la-cit-nervo_003\" width=\"100\" height=\"75\" \/><\/a><\/td>\n<\/tr>\n<tr valign=\"CENTER\">\n<td style=\"text-align: center;vertical-align: middle;\" width=\"50%\"><span><strong>Journ\u00e9e au Fleury<\/strong><\/span><\/td>\n<td style=\"text-align: right;\" width=\"50%\"><a class=\"shutterset_\" href=\"https:\/\/www.comitenervo.fr\/?page_id=166\"><img loading=\"lazy\" decoding=\"async\" class=\"ngg-singlepic ngg-none\" src=\"https:\/\/www.comitenervo.fr\/wp-content\/gallery\/20110709_journee-au-fleury\/thumbs\/thumbs_20110709_journe-au-fleury_008.jpg\" alt=\"20110709_journe-au-fleury_008\" width=\"100\" height=\"75\" \/><\/a><\/td>\n<\/tr>\n<tr valign=\"CENTER\">\n<td style=\"text-align: center;\" width=\"50%\"><span><strong>Excursions \u00e0 Bagatelle \/ Berck<\/strong><\/span><\/td>\n<td style=\"text-align: center;\" width=\"50%\">\n<div style=\"width: 110px\" class=\"wp-caption aligncenter\"><a class=\"shutterset_\" href=\"https:\/\/www.comitenervo.fr\/?page_id=168\"><img loading=\"lazy\" decoding=\"async\" class=\"ngg-singlepic ngg-none \" title=\"Bagatelle\" src=\"https:\/\/www.comitenervo.fr\/wp-content\/gallery\/20110724_excursion-a-bagatelle\/thumbs\/thumbs_20110724_excursion-bagatelle_009.jpg\" alt=\"20110724_excursion-bagatelle_009\" width=\"100\" height=\"75\" \/><\/a><p class=\"wp-caption-text\">Bagatelle<\/p><\/div>\n<p><div style=\"width: 110px\" class=\"wp-caption aligncenter\"><a class=\"shutterset_\" href=\"https:\/\/www.comitenervo.fr\/?page_id=170\"><img loading=\"lazy\" decoding=\"async\" class=\"ngg-singlepic ngg-none \" src=\"https:\/\/www.comitenervo.fr\/wp-content\/gallery\/20110724_excursion-a-berck\/thumbs\/thumbs_20110724_excursion-berck_001.jpg\" alt=\"20110724_excursion-berck_001\" width=\"100\" height=\"75\" \/><\/a><p class=\"wp-caption-text\">Berck<\/p><\/div><\/td>\n<\/tr>\n<tr valign=\"CENTER\">\n<td style=\"text-align: center;vertical-align: middle;\" width=\"50%\"><strong><span>Zoo de lille<\/span><\/strong><\/td>\n<td style=\"text-align: right;\" width=\"50%\">\u00a0<a class=\"shutterset_\" href=\"https:\/\/www.comitenervo.fr\/?page_id=172\"><img loading=\"lazy\" decoding=\"async\" class=\"ngg-singlepic ngg-none\" src=\"https:\/\/www.comitenervo.fr\/wp-content\/gallery\/20110809_zoo-de-lille\/thumbs\/thumbs_20110809_zoo-de-lille_033.jpg\" alt=\"20110809_zoo-de-lille_033\" width=\"100\" height=\"75\" \/><\/a><\/td>\n<\/tr>\n<tr valign=\"CENTER\">\n<td style=\"text-align: center;vertical-align: middle;\" width=\"50%\"><strong><span>Belote<\/span><\/strong><\/td>\n<td style=\"text-align: right;\" width=\"50%\">\u00a0<a class=\"shutterset_\" href=\"https:\/\/www.comitenervo.fr\/?page_id=174\"><img loading=\"lazy\" decoding=\"async\" class=\"ngg-singlepic ngg-none\" src=\"https:\/\/www.comitenervo.fr\/wp-content\/gallery\/20110818_belote\/thumbs\/thumbs_20110818_belote_004.jpg\" alt=\"20110818_belote_001\" width=\"100\" height=\"75\" \/><\/a><\/td>\n<\/tr>\n<tr valign=\"CENTER\">\n<td style=\"text-align: center;vertical-align: middle;\" width=\"50%\"><span style=\"vertical-align: middle; \"><strong>F\u00eate des anciens<\/strong><\/span><\/td>\n<td style=\"text-align: right;\" width=\"50%\"><a class=\"shutterset_\" href=\"https:\/\/www.comitenervo.fr\/?page_id=349\"><img loading=\"lazy\" decoding=\"async\" class=\"ngg-singlepic ngg-none\" src=\"https:\/\/www.comitenervo.fr\/wp-content\/gallery\/fete-des-anciens\/20111116_fete-des-anciens_003.jpg\" alt=\"0\" width=\"100\" height=\"75\" \/><\/a><\/td>\n<\/tr>\n<tr valign=\"CENTER\">\n<td style=\"text-align: center;vertical-align: middle;\" width=\"50%\"><span style=\"vertical-align: middle; \"><strong>Noel des enfants<\/strong><\/span><\/td>\n<td style=\"text-align: right;\" width=\"50%\"><a class=\"shutterset_\" href=\"https:\/\/www.comitenervo.fr\/?page_id=409\"><img loading=\"lazy\" decoding=\"async\" class=\"ngg-singlepic ngg-none\" src=\"https:\/\/www.comitenervo.fr\/wp-content\/gallery\/fete-des-enfants-2011\/20111221_noel_des_enfants_010.jpg\" alt=\"0\" width=\"100\" height=\"75\" \/><\/a><\/td>\n<\/tr>\n<\/tbody>\n<\/table>\n","protected":false},"excerpt":{"rendered":"<p>Assembl\u00e9e g\u00e9n\u00e9rale Voyage \u00e0 Bruges F\u00eate des voisins Brocante de la cit\u00e9 Nervo Journ\u00e9e au Fleury Excursions \u00e0 Bagatelle \/ Berck Zoo de lille \u00a0 Belote \u00a0 F\u00eate des anciens Noel des enfants<\/p>\n","protected":false},"author":1,"featured_media":0,"parent":502,"menu_order":0,"comment_status":"closed","ping_status":"closed","template":"sidebar-page.php","meta":{"_monsterinsights_skip_tracking":false,"_monsterinsights_sitenote_active":false,"_monsterinsights_sitenote_note":"","_monsterinsights_sitenote_category":0,"ngg_post_thumbnail":0,"footnotes":""},"class_list":["post-13","page","type-page","status-publish","hentry"],"_links":{"self":[{"href":"https:\/\/www.comitenervo.fr\/index.php?rest_route=\/wp\/v2\/pages\/13","targetHints":{"allow":["GET"]}}],"collection":[{"href":"https:\/\/www.comitenervo.fr\/index.php?rest_route=\/wp\/v2\/pages"}],"about":[{"href":"https:\/\/www.comitenervo.fr\/index.php?rest_route=\/wp\/v2\/types\/page"}],"author":[{"embeddable":true,"href":"https:\/\/www.comitenervo.fr\/index.php?rest_route=\/wp\/v2\/users\/1"}],"replies":[{"embeddable":true,"href":"https:\/\/www.comitenervo.fr\/index.php?rest_route=%2Fwp%2Fv2%2Fcomments&post=13"}],"version-history":[{"count":52,"href":"https:\/\/www.comitenervo.fr\/index.php?rest_route=\/wp\/v2\/pages\/13\/revisions"}],"predecessor-version":[{"id":7182,"href":"https:\/\/www.comitenervo.fr\/index.php?rest_route=\/wp\/v2\/pages\/13\/revisions\/7182"}],"up":[{"embeddable":true,"href":"https:\/\/www.comitenervo.fr\/index.php?rest_route=\/wp\/v2\/pages\/502"}],"wp:attachment":[{"href":"https:\/\/www.comitenervo.fr\/index.php?rest_route=%2Fwp%2Fv2%2Fmedia&parent=13"}],"curies":[{"name":"wp","href":"https:\/\/api.w.org\/{rel}","templated":true}]}}