{"id":1269,"date":"2013-04-20T15:46:55","date_gmt":"2013-04-20T13:46:55","guid":{"rendered":"https:\/\/www.comitenervo.fr\/?page_id=1269"},"modified":"2018-05-01T22:06:16","modified_gmt":"2018-05-01T20:06:16","slug":"2013-2","status":"publish","type":"page","link":"https:\/\/www.comitenervo.fr\/?page_id=1269","title":{"rendered":"2013"},"content":{"rendered":"<table width=\"100%\" border=\"0.5\" cellspacing=\"0\" cellpadding=\"4\">\n<colgroup>\n<col width=\"128*\" \/>\n<col width=\"128*\" \/> <\/colgroup>\n<tbody>\n<tr valign=\"CENTER\">\n<td style=\"text-align: center;vertical-align: middle;\" width=\"50%\"><span style=\"vertical-align: middle; \"><strong>Photos des \u00e9v\u00e8nements 2013<\/strong><\/span><\/td>\n<td style=\"text-align: right;\" width=\"50%\"><a href=\"https:\/\/www.comitenervo.fr\/?page_id=1266\"><img loading=\"lazy\" decoding=\"async\" class=\"ngg-singlepic ngg-none \" alt=\"20130202_ag_03\" src=\"https:\/\/www.comitenervo.fr\/wp-content\/gallery\/02022013_ag\/20130202_ag_03.jpg\" width=\"100\" height=\"75\" \/><\/a><\/td>\n<\/tr>\n<tr valign=\"CENTER\">\n<td style=\"text-align: center;vertical-align: middle;\" width=\"50%\"><span style=\"vertical-align: middle; \"><strong>Vid\u00e9os des \u00e9v\u00e8nements 2013<\/strong><\/span><\/td>\n<td style=\"text-align: right;\" width=\"50%\"><a href=\"https:\/\/www.comitenervo.fr\/?page_id=1610\"><img loading=\"lazy\" decoding=\"async\" class=\"ngg-singlepic ngg-none \" alt=\"20130202_ag_03\" src=\"https:\/\/www.comitenervo.fr\/wp-content\/uploads\/2014\/01\/alancarter.jpg\" width=\"100\" height=\"75\" \/><\/a><\/td>\n<\/tr>\n<\/tbody>\n<\/table>\n","protected":false},"excerpt":{"rendered":"<p>Photos des \u00e9v\u00e8nements 2013 Vid\u00e9os des \u00e9v\u00e8nements 2013<\/p>\n","protected":false},"author":1,"featured_media":0,"parent":499,"menu_order":2,"comment_status":"closed","ping_status":"closed","template":"","meta":{"_monsterinsights_skip_tracking":false,"_monsterinsights_sitenote_active":false,"_monsterinsights_sitenote_note":"","_monsterinsights_sitenote_category":0,"ngg_post_thumbnail":0,"footnotes":""},"class_list":["post-1269","page","type-page","status-publish","hentry"],"_links":{"self":[{"href":"https:\/\/www.comitenervo.fr\/index.php?rest_route=\/wp\/v2\/pages\/1269","targetHints":{"allow":["GET"]}}],"collection":[{"href":"https:\/\/www.comitenervo.fr\/index.php?rest_route=\/wp\/v2\/pages"}],"about":[{"href":"https:\/\/www.comitenervo.fr\/index.php?rest_route=\/wp\/v2\/types\/page"}],"author":[{"embeddable":true,"href":"https:\/\/www.comitenervo.fr\/index.php?rest_route=\/wp\/v2\/users\/1"}],"replies":[{"embeddable":true,"href":"https:\/\/www.comitenervo.fr\/index.php?rest_route=%2Fwp%2Fv2%2Fcomments&post=1269"}],"version-history":[{"count":9,"href":"https:\/\/www.comitenervo.fr\/index.php?rest_route=\/wp\/v2\/pages\/1269\/revisions"}],"predecessor-version":[{"id":5777,"href":"https:\/\/www.comitenervo.fr\/index.php?rest_route=\/wp\/v2\/pages\/1269\/revisions\/5777"}],"up":[{"embeddable":true,"href":"https:\/\/www.comitenervo.fr\/index.php?rest_route=\/wp\/v2\/pages\/499"}],"wp:attachment":[{"href":"https:\/\/www.comitenervo.fr\/index.php?rest_route=%2Fwp%2Fv2%2Fmedia&parent=1269"}],"curies":[{"name":"wp","href":"https:\/\/api.w.org\/{rel}","templated":true}]}}