{"id":1259,"date":"2013-04-20T15:48:39","date_gmt":"2013-04-20T13:48:39","guid":{"rendered":"https:\/\/www.comitenervo.fr\/?page_id=1259"},"modified":"2013-04-22T10:50:08","modified_gmt":"2013-04-22T08:50:08","slug":"assemblee-generale-du-02-fevrier-2013","status":"publish","type":"page","link":"https:\/\/www.comitenervo.fr\/?page_id=1259","title":{"rendered":"Assembl\u00e9e g\u00e9n\u00e9rale du 02 Fevrier 2013"},"content":{"rendered":"<p>&nbsp;<\/p>\n<div align=\"center\";>\n<!-- default-view.php -->\n<div\n\tclass=\"ngg-galleryoverview default-view \n\t ngg-ajax-pagination-none\t\"\n\tid=\"ngg-gallery-a0ae4cef33be5cb1c7414801031ce512-1\">\n\n\t\t<!-- Thumbnails -->\n\t\t\t\t<div id=\"ngg-image-0\" class=\"ngg-gallery-thumbnail-box \n\t\t\t\t\t\t\t\t\t\t\t\" \n\t\t\t>\n\t\t\t\t\t\t<div class=\"ngg-gallery-thumbnail\">\n\t\t\t<a href=\"https:\/\/www.comitenervo.fr\/wp-content\/gallery\/02022013_ag\/20130202_ag.jpg\"\n\t\t\t\ttitle=\"\"\n\t\t\t\tdata-src=\"https:\/\/www.comitenervo.fr\/wp-content\/gallery\/02022013_ag\/20130202_ag.jpg\"\n\t\t\t\tdata-thumbnail=\"https:\/\/www.comitenervo.fr\/wp-content\/gallery\/02022013_ag\/thumbs\/thumbs_20130202_ag.jpg\"\n\t\t\t\tdata-image-id=\"1482\"\n\t\t\t\tdata-title=\"20130202_ag\"\n\t\t\t\tdata-description=\"\"\n\t\t\t\tdata-image-slug=\"20130202_ag\"\n\t\t\t\tclass=\"ngg-fancybox\" rel=\"a0ae4cef33be5cb1c7414801031ce512\">\n\t\t\t\t<img\n\t\t\t\t\ttitle=\"20130202_ag\"\n\t\t\t\t\talt=\"20130202_ag\"\n\t\t\t\t\tsrc=\"https:\/\/www.comitenervo.fr\/wp-content\/gallery\/02022013_ag\/thumbs\/thumbs_20130202_ag.jpg\"\n\t\t\t\t\twidth=\"100\"\n\t\t\t\t\theight=\"75\"\n\t\t\t\t\tstyle=\"max-width:100%;\"\n\t\t\t\t\/>\n\t\t\t<\/a>\n\t\t<\/div>\n\t\t\t\t\t\t\t<\/div> \n\t\t\t\n\t\t\t\t<div id=\"ngg-image-1\" class=\"ngg-gallery-thumbnail-box \n\t\t\t\t\t\t\t\t\t\t\t\" \n\t\t\t>\n\t\t\t\t\t\t<div class=\"ngg-gallery-thumbnail\">\n\t\t\t<a href=\"https:\/\/www.comitenervo.fr\/wp-content\/gallery\/02022013_ag\/20130202_ag_02.jpg\"\n\t\t\t\ttitle=\"\"\n\t\t\t\tdata-src=\"https:\/\/www.comitenervo.fr\/wp-content\/gallery\/02022013_ag\/20130202_ag_02.jpg\"\n\t\t\t\tdata-thumbnail=\"https:\/\/www.comitenervo.fr\/wp-content\/gallery\/02022013_ag\/thumbs\/thumbs_20130202_ag_02.jpg\"\n\t\t\t\tdata-image-id=\"1483\"\n\t\t\t\tdata-title=\"20130202_ag_02\"\n\t\t\t\tdata-description=\"\"\n\t\t\t\tdata-image-slug=\"20130202_ag_02\"\n\t\t\t\tclass=\"ngg-fancybox\" rel=\"a0ae4cef33be5cb1c7414801031ce512\">\n\t\t\t\t<img\n\t\t\t\t\ttitle=\"20130202_ag_02\"\n\t\t\t\t\talt=\"20130202_ag_02\"\n\t\t\t\t\tsrc=\"https:\/\/www.comitenervo.fr\/wp-content\/gallery\/02022013_ag\/thumbs\/thumbs_20130202_ag_02.jpg\"\n\t\t\t\t\twidth=\"100\"\n\t\t\t\t\theight=\"75\"\n\t\t\t\t\tstyle=\"max-width:100%;\"\n\t\t\t\t\/>\n\t\t\t<\/a>\n\t\t<\/div>\n\t\t\t\t\t\t\t<\/div> \n\t\t\t\n\t\t\t\t<div id=\"ngg-image-2\" class=\"ngg-gallery-thumbnail-box \n\t\t\t\t\t\t\t\t\t\t\t\" \n\t\t\t>\n\t\t\t\t\t\t<div class=\"ngg-gallery-thumbnail\">\n\t\t\t<a href=\"https:\/\/www.comitenervo.fr\/wp-content\/gallery\/02022013_ag\/20130202_ag_03.jpg\"\n\t\t\t\ttitle=\"\"\n\t\t\t\tdata-src=\"https:\/\/www.comitenervo.fr\/wp-content\/gallery\/02022013_ag\/20130202_ag_03.jpg\"\n\t\t\t\tdata-thumbnail=\"https:\/\/www.comitenervo.fr\/wp-content\/gallery\/02022013_ag\/thumbs\/thumbs_20130202_ag_03.jpg\"\n\t\t\t\tdata-image-id=\"1484\"\n\t\t\t\tdata-title=\"20130202_ag_03\"\n\t\t\t\tdata-description=\"\"\n\t\t\t\tdata-image-slug=\"20130202_ag_03\"\n\t\t\t\tclass=\"ngg-fancybox\" rel=\"a0ae4cef33be5cb1c7414801031ce512\">\n\t\t\t\t<img\n\t\t\t\t\ttitle=\"20130202_ag_03\"\n\t\t\t\t\talt=\"20130202_ag_03\"\n\t\t\t\t\tsrc=\"https:\/\/www.comitenervo.fr\/wp-content\/gallery\/02022013_ag\/thumbs\/thumbs_20130202_ag_03.jpg\"\n\t\t\t\t\twidth=\"100\"\n\t\t\t\t\theight=\"75\"\n\t\t\t\t\tstyle=\"max-width:100%;\"\n\t\t\t\t\/>\n\t\t\t<\/a>\n\t\t<\/div>\n\t\t\t\t\t\t\t<\/div> \n\t\t\t\n\t\t\t\t<div id=\"ngg-image-3\" class=\"ngg-gallery-thumbnail-box \n\t\t\t\t\t\t\t\t\t\t\t\" \n\t\t\t>\n\t\t\t\t\t\t<div class=\"ngg-gallery-thumbnail\">\n\t\t\t<a href=\"https:\/\/www.comitenervo.fr\/wp-content\/gallery\/02022013_ag\/20130202_ag_04.jpg\"\n\t\t\t\ttitle=\"\"\n\t\t\t\tdata-src=\"https:\/\/www.comitenervo.fr\/wp-content\/gallery\/02022013_ag\/20130202_ag_04.jpg\"\n\t\t\t\tdata-thumbnail=\"https:\/\/www.comitenervo.fr\/wp-content\/gallery\/02022013_ag\/thumbs\/thumbs_20130202_ag_04.jpg\"\n\t\t\t\tdata-image-id=\"1485\"\n\t\t\t\tdata-title=\"20130202_ag_04\"\n\t\t\t\tdata-description=\"\"\n\t\t\t\tdata-image-slug=\"20130202_ag_04\"\n\t\t\t\tclass=\"ngg-fancybox\" rel=\"a0ae4cef33be5cb1c7414801031ce512\">\n\t\t\t\t<img\n\t\t\t\t\ttitle=\"20130202_ag_04\"\n\t\t\t\t\talt=\"20130202_ag_04\"\n\t\t\t\t\tsrc=\"https:\/\/www.comitenervo.fr\/wp-content\/gallery\/02022013_ag\/thumbs\/thumbs_20130202_ag_04.jpg\"\n\t\t\t\t\twidth=\"100\"\n\t\t\t\t\theight=\"75\"\n\t\t\t\t\tstyle=\"max-width:100%;\"\n\t\t\t\t\/>\n\t\t\t<\/a>\n\t\t<\/div>\n\t\t\t\t\t\t\t<\/div> \n\t\t\t\n\t\t\t\t<div id=\"ngg-image-4\" class=\"ngg-gallery-thumbnail-box \n\t\t\t\t\t\t\t\t\t\t\t\" \n\t\t\t>\n\t\t\t\t\t\t<div class=\"ngg-gallery-thumbnail\">\n\t\t\t<a href=\"https:\/\/www.comitenervo.fr\/wp-content\/gallery\/02022013_ag\/20130202_ag_05.jpg\"\n\t\t\t\ttitle=\"\"\n\t\t\t\tdata-src=\"https:\/\/www.comitenervo.fr\/wp-content\/gallery\/02022013_ag\/20130202_ag_05.jpg\"\n\t\t\t\tdata-thumbnail=\"https:\/\/www.comitenervo.fr\/wp-content\/gallery\/02022013_ag\/thumbs\/thumbs_20130202_ag_05.jpg\"\n\t\t\t\tdata-image-id=\"1486\"\n\t\t\t\tdata-title=\"20130202_ag_05\"\n\t\t\t\tdata-description=\"\"\n\t\t\t\tdata-image-slug=\"20130202_ag_05\"\n\t\t\t\tclass=\"ngg-fancybox\" rel=\"a0ae4cef33be5cb1c7414801031ce512\">\n\t\t\t\t<img\n\t\t\t\t\ttitle=\"20130202_ag_05\"\n\t\t\t\t\talt=\"20130202_ag_05\"\n\t\t\t\t\tsrc=\"https:\/\/www.comitenervo.fr\/wp-content\/gallery\/02022013_ag\/thumbs\/thumbs_20130202_ag_05.jpg\"\n\t\t\t\t\twidth=\"100\"\n\t\t\t\t\theight=\"75\"\n\t\t\t\t\tstyle=\"max-width:100%;\"\n\t\t\t\t\/>\n\t\t\t<\/a>\n\t\t<\/div>\n\t\t\t\t\t\t\t<\/div> \n\t\t\t\n\t\t\t\t<div id=\"ngg-image-5\" class=\"ngg-gallery-thumbnail-box \n\t\t\t\t\t\t\t\t\t\t\t\" \n\t\t\t>\n\t\t\t\t\t\t<div class=\"ngg-gallery-thumbnail\">\n\t\t\t<a href=\"https:\/\/www.comitenervo.fr\/wp-content\/gallery\/02022013_ag\/20130202_ag_06.jpg\"\n\t\t\t\ttitle=\"\"\n\t\t\t\tdata-src=\"https:\/\/www.comitenervo.fr\/wp-content\/gallery\/02022013_ag\/20130202_ag_06.jpg\"\n\t\t\t\tdata-thumbnail=\"https:\/\/www.comitenervo.fr\/wp-content\/gallery\/02022013_ag\/thumbs\/thumbs_20130202_ag_06.jpg\"\n\t\t\t\tdata-image-id=\"1487\"\n\t\t\t\tdata-title=\"20130202_ag_06\"\n\t\t\t\tdata-description=\"\"\n\t\t\t\tdata-image-slug=\"20130202_ag_06\"\n\t\t\t\tclass=\"ngg-fancybox\" rel=\"a0ae4cef33be5cb1c7414801031ce512\">\n\t\t\t\t<img\n\t\t\t\t\ttitle=\"20130202_ag_06\"\n\t\t\t\t\talt=\"20130202_ag_06\"\n\t\t\t\t\tsrc=\"https:\/\/www.comitenervo.fr\/wp-content\/gallery\/02022013_ag\/thumbs\/thumbs_20130202_ag_06.jpg\"\n\t\t\t\t\twidth=\"100\"\n\t\t\t\t\theight=\"75\"\n\t\t\t\t\tstyle=\"max-width:100%;\"\n\t\t\t\t\/>\n\t\t\t<\/a>\n\t\t<\/div>\n\t\t\t\t\t\t\t<\/div> \n\t\t\t\n\t\t\t\t<div id=\"ngg-image-6\" class=\"ngg-gallery-thumbnail-box \n\t\t\t\t\t\t\t\t\t\t\t\" \n\t\t\t>\n\t\t\t\t\t\t<div class=\"ngg-gallery-thumbnail\">\n\t\t\t<a href=\"https:\/\/www.comitenervo.fr\/wp-content\/gallery\/02022013_ag\/20130202_ag_07.jpg\"\n\t\t\t\ttitle=\"\"\n\t\t\t\tdata-src=\"https:\/\/www.comitenervo.fr\/wp-content\/gallery\/02022013_ag\/20130202_ag_07.jpg\"\n\t\t\t\tdata-thumbnail=\"https:\/\/www.comitenervo.fr\/wp-content\/gallery\/02022013_ag\/thumbs\/thumbs_20130202_ag_07.jpg\"\n\t\t\t\tdata-image-id=\"1488\"\n\t\t\t\tdata-title=\"20130202_ag_07\"\n\t\t\t\tdata-description=\"\"\n\t\t\t\tdata-image-slug=\"20130202_ag_07\"\n\t\t\t\tclass=\"ngg-fancybox\" rel=\"a0ae4cef33be5cb1c7414801031ce512\">\n\t\t\t\t<img\n\t\t\t\t\ttitle=\"20130202_ag_07\"\n\t\t\t\t\talt=\"20130202_ag_07\"\n\t\t\t\t\tsrc=\"https:\/\/www.comitenervo.fr\/wp-content\/gallery\/02022013_ag\/thumbs\/thumbs_20130202_ag_07.jpg\"\n\t\t\t\t\twidth=\"100\"\n\t\t\t\t\theight=\"75\"\n\t\t\t\t\tstyle=\"max-width:100%;\"\n\t\t\t\t\/>\n\t\t\t<\/a>\n\t\t<\/div>\n\t\t\t\t\t\t\t<\/div> \n\t\t\t\n\t\t\t\t<div id=\"ngg-image-7\" class=\"ngg-gallery-thumbnail-box \n\t\t\t\t\t\t\t\t\t\t\t\" \n\t\t\t>\n\t\t\t\t\t\t<div class=\"ngg-gallery-thumbnail\">\n\t\t\t<a href=\"https:\/\/www.comitenervo.fr\/wp-content\/gallery\/02022013_ag\/20130202_ag_08.jpg\"\n\t\t\t\ttitle=\"\"\n\t\t\t\tdata-src=\"https:\/\/www.comitenervo.fr\/wp-content\/gallery\/02022013_ag\/20130202_ag_08.jpg\"\n\t\t\t\tdata-thumbnail=\"https:\/\/www.comitenervo.fr\/wp-content\/gallery\/02022013_ag\/thumbs\/thumbs_20130202_ag_08.jpg\"\n\t\t\t\tdata-image-id=\"1489\"\n\t\t\t\tdata-title=\"20130202_ag_08\"\n\t\t\t\tdata-description=\"\"\n\t\t\t\tdata-image-slug=\"20130202_ag_08\"\n\t\t\t\tclass=\"ngg-fancybox\" rel=\"a0ae4cef33be5cb1c7414801031ce512\">\n\t\t\t\t<img\n\t\t\t\t\ttitle=\"20130202_ag_08\"\n\t\t\t\t\talt=\"20130202_ag_08\"\n\t\t\t\t\tsrc=\"https:\/\/www.comitenervo.fr\/wp-content\/gallery\/02022013_ag\/thumbs\/thumbs_20130202_ag_08.jpg\"\n\t\t\t\t\twidth=\"100\"\n\t\t\t\t\theight=\"75\"\n\t\t\t\t\tstyle=\"max-width:100%;\"\n\t\t\t\t\/>\n\t\t\t<\/a>\n\t\t<\/div>\n\t\t\t\t\t\t\t<\/div> \n\t\t\t\n\t\t\t\t<div id=\"ngg-image-8\" class=\"ngg-gallery-thumbnail-box \n\t\t\t\t\t\t\t\t\t\t\t\" \n\t\t\t>\n\t\t\t\t\t\t<div class=\"ngg-gallery-thumbnail\">\n\t\t\t<a href=\"https:\/\/www.comitenervo.fr\/wp-content\/gallery\/02022013_ag\/20130202_ag_09.jpg\"\n\t\t\t\ttitle=\"\"\n\t\t\t\tdata-src=\"https:\/\/www.comitenervo.fr\/wp-content\/gallery\/02022013_ag\/20130202_ag_09.jpg\"\n\t\t\t\tdata-thumbnail=\"https:\/\/www.comitenervo.fr\/wp-content\/gallery\/02022013_ag\/thumbs\/thumbs_20130202_ag_09.jpg\"\n\t\t\t\tdata-image-id=\"1490\"\n\t\t\t\tdata-title=\"20130202_ag_09\"\n\t\t\t\tdata-description=\"\"\n\t\t\t\tdata-image-slug=\"20130202_ag_09\"\n\t\t\t\tclass=\"ngg-fancybox\" rel=\"a0ae4cef33be5cb1c7414801031ce512\">\n\t\t\t\t<img\n\t\t\t\t\ttitle=\"20130202_ag_09\"\n\t\t\t\t\talt=\"20130202_ag_09\"\n\t\t\t\t\tsrc=\"https:\/\/www.comitenervo.fr\/wp-content\/gallery\/02022013_ag\/thumbs\/thumbs_20130202_ag_09.jpg\"\n\t\t\t\t\twidth=\"100\"\n\t\t\t\t\theight=\"75\"\n\t\t\t\t\tstyle=\"max-width:100%;\"\n\t\t\t\t\/>\n\t\t\t<\/a>\n\t\t<\/div>\n\t\t\t\t\t\t\t<\/div> \n\t\t\t\n\t\t\t\t<div id=\"ngg-image-9\" class=\"ngg-gallery-thumbnail-box \n\t\t\t\t\t\t\t\t\t\t\t\" \n\t\t\t>\n\t\t\t\t\t\t<div class=\"ngg-gallery-thumbnail\">\n\t\t\t<a href=\"https:\/\/www.comitenervo.fr\/wp-content\/gallery\/02022013_ag\/20130202_ag_10.jpg\"\n\t\t\t\ttitle=\"\"\n\t\t\t\tdata-src=\"https:\/\/www.comitenervo.fr\/wp-content\/gallery\/02022013_ag\/20130202_ag_10.jpg\"\n\t\t\t\tdata-thumbnail=\"https:\/\/www.comitenervo.fr\/wp-content\/gallery\/02022013_ag\/thumbs\/thumbs_20130202_ag_10.jpg\"\n\t\t\t\tdata-image-id=\"1491\"\n\t\t\t\tdata-title=\"20130202_ag_10\"\n\t\t\t\tdata-description=\"\"\n\t\t\t\tdata-image-slug=\"20130202_ag_10\"\n\t\t\t\tclass=\"ngg-fancybox\" rel=\"a0ae4cef33be5cb1c7414801031ce512\">\n\t\t\t\t<img\n\t\t\t\t\ttitle=\"20130202_ag_10\"\n\t\t\t\t\talt=\"20130202_ag_10\"\n\t\t\t\t\tsrc=\"https:\/\/www.comitenervo.fr\/wp-content\/gallery\/02022013_ag\/thumbs\/thumbs_20130202_ag_10.jpg\"\n\t\t\t\t\twidth=\"100\"\n\t\t\t\t\theight=\"75\"\n\t\t\t\t\tstyle=\"max-width:100%;\"\n\t\t\t\t\/>\n\t\t\t<\/a>\n\t\t<\/div>\n\t\t\t\t\t\t\t<\/div> \n\t\t\t\n\t\t\t\t<div id=\"ngg-image-10\" class=\"ngg-gallery-thumbnail-box \n\t\t\t\t\t\t\t\t\t\t\t\" \n\t\t\t>\n\t\t\t\t\t\t<div class=\"ngg-gallery-thumbnail\">\n\t\t\t<a href=\"https:\/\/www.comitenervo.fr\/wp-content\/gallery\/02022013_ag\/20130202_ag_11.jpg\"\n\t\t\t\ttitle=\"\"\n\t\t\t\tdata-src=\"https:\/\/www.comitenervo.fr\/wp-content\/gallery\/02022013_ag\/20130202_ag_11.jpg\"\n\t\t\t\tdata-thumbnail=\"https:\/\/www.comitenervo.fr\/wp-content\/gallery\/02022013_ag\/thumbs\/thumbs_20130202_ag_11.jpg\"\n\t\t\t\tdata-image-id=\"1492\"\n\t\t\t\tdata-title=\"20130202_ag_11\"\n\t\t\t\tdata-description=\"\"\n\t\t\t\tdata-image-slug=\"20130202_ag_11\"\n\t\t\t\tclass=\"ngg-fancybox\" rel=\"a0ae4cef33be5cb1c7414801031ce512\">\n\t\t\t\t<img\n\t\t\t\t\ttitle=\"20130202_ag_11\"\n\t\t\t\t\talt=\"20130202_ag_11\"\n\t\t\t\t\tsrc=\"https:\/\/www.comitenervo.fr\/wp-content\/gallery\/02022013_ag\/thumbs\/thumbs_20130202_ag_11.jpg\"\n\t\t\t\t\twidth=\"100\"\n\t\t\t\t\theight=\"75\"\n\t\t\t\t\tstyle=\"max-width:100%;\"\n\t\t\t\t\/>\n\t\t\t<\/a>\n\t\t<\/div>\n\t\t\t\t\t\t\t<\/div> \n\t\t\t\n\t\t\t\t<div id=\"ngg-image-11\" class=\"ngg-gallery-thumbnail-box \n\t\t\t\t\t\t\t\t\t\t\t\" \n\t\t\t>\n\t\t\t\t\t\t<div class=\"ngg-gallery-thumbnail\">\n\t\t\t<a href=\"https:\/\/www.comitenervo.fr\/wp-content\/gallery\/02022013_ag\/20130202_ag_12.jpg\"\n\t\t\t\ttitle=\"\"\n\t\t\t\tdata-src=\"https:\/\/www.comitenervo.fr\/wp-content\/gallery\/02022013_ag\/20130202_ag_12.jpg\"\n\t\t\t\tdata-thumbnail=\"https:\/\/www.comitenervo.fr\/wp-content\/gallery\/02022013_ag\/thumbs\/thumbs_20130202_ag_12.jpg\"\n\t\t\t\tdata-image-id=\"1493\"\n\t\t\t\tdata-title=\"20130202_ag_12\"\n\t\t\t\tdata-description=\"\"\n\t\t\t\tdata-image-slug=\"20130202_ag_12\"\n\t\t\t\tclass=\"ngg-fancybox\" rel=\"a0ae4cef33be5cb1c7414801031ce512\">\n\t\t\t\t<img\n\t\t\t\t\ttitle=\"20130202_ag_12\"\n\t\t\t\t\talt=\"20130202_ag_12\"\n\t\t\t\t\tsrc=\"https:\/\/www.comitenervo.fr\/wp-content\/gallery\/02022013_ag\/thumbs\/thumbs_20130202_ag_12.jpg\"\n\t\t\t\t\twidth=\"100\"\n\t\t\t\t\theight=\"75\"\n\t\t\t\t\tstyle=\"max-width:100%;\"\n\t\t\t\t\/>\n\t\t\t<\/a>\n\t\t<\/div>\n\t\t\t\t\t\t\t<\/div> \n\t\t\t\n\t\n\t<br style=\"clear: both\" \/>\n\n\t\n\t\t<div class=\"ngg-clear\"><\/div>\n\t<\/div>\n\n<\/div>\n","protected":false},"excerpt":{"rendered":"<p>&nbsp;<\/p>\n","protected":false},"author":1,"featured_media":0,"parent":1266,"menu_order":0,"comment_status":"open","ping_status":"open","template":"","meta":{"_monsterinsights_skip_tracking":false,"_monsterinsights_sitenote_active":false,"_monsterinsights_sitenote_note":"","_monsterinsights_sitenote_category":0,"ngg_post_thumbnail":0,"footnotes":""},"class_list":["post-1259","page","type-page","status-publish","hentry"],"_links":{"self":[{"href":"https:\/\/www.comitenervo.fr\/index.php?rest_route=\/wp\/v2\/pages\/1259","targetHints":{"allow":["GET"]}}],"collection":[{"href":"https:\/\/www.comitenervo.fr\/index.php?rest_route=\/wp\/v2\/pages"}],"about":[{"href":"https:\/\/www.comitenervo.fr\/index.php?rest_route=\/wp\/v2\/types\/page"}],"author":[{"embeddable":true,"href":"https:\/\/www.comitenervo.fr\/index.php?rest_route=\/wp\/v2\/users\/1"}],"replies":[{"embeddable":true,"href":"https:\/\/www.comitenervo.fr\/index.php?rest_route=%2Fwp%2Fv2%2Fcomments&post=1259"}],"version-history":[{"count":4,"href":"https:\/\/www.comitenervo.fr\/index.php?rest_route=\/wp\/v2\/pages\/1259\/revisions"}],"predecessor-version":[{"id":1296,"href":"https:\/\/www.comitenervo.fr\/index.php?rest_route=\/wp\/v2\/pages\/1259\/revisions\/1296"}],"up":[{"embeddable":true,"href":"https:\/\/www.comitenervo.fr\/index.php?rest_route=\/wp\/v2\/pages\/1266"}],"wp:attachment":[{"href":"https:\/\/www.comitenervo.fr\/index.php?rest_route=%2Fwp%2Fv2%2Fmedia&parent=1259"}],"curies":[{"name":"wp","href":"https:\/\/api.w.org\/{rel}","templated":true}]}}